{"id":225998,"date":"2019-05-09T14:12:34","date_gmt":"2019-05-09T14:12:34","guid":{"rendered":"https:\/\/heavenly-structure.flywheelsites.com\/contacto\/"},"modified":"2025-01-07T20:48:32","modified_gmt":"2025-01-07T09:48:32","slug":"contacto","status":"publish","type":"page","link":"https:\/\/www.sopranodesign.com\/es\/contacto\/","title":{"rendered":"Contacto"},"content":{"rendered":"<p>[et_pb_section fb_built=\u00bb1&#8243; custom_padding_last_edited=\u00bbon|phone\u00bb admin_label=\u00bbHeader\u00bb module_class=\u00bbgradient-dark-alt\u00bb _builder_version=\u00bb3.22.3&#8243; background_color_gradient_direction=\u00bb130deg\u00bb parallax=\u00bbon\u00bb custom_padding=\u00bb3vw||6vw||false|false\u00bb custom_padding_tablet=\u00bb3vw||4vw||false\u00bb custom_padding_phone=\u00bb2vw||7vw||false\u00bb bottom_divider_style=\u00bbwave2&#8243; bottom_divider_color=\u00bb#FFFFFF\u00bb bottom_divider_height=\u00bb50px\u00bb bottom_divider_height_tablet=\u00bb50px\u00bb bottom_divider_height_phone=\u00bb50px\u00bb bottom_divider_height_last_edited=\u00bbon|desktop\u00bb saved_tabs=\u00bball\u00bb global_colors_info=\u00bb{}\u00bb theme_builder_area=\u00bbpost_content\u00bb][et_pb_row _builder_version=\u00bb3.25&#8243; custom_padding=\u00bb30px|0px|44px|0px|false|false\u00bb global_colors_info=\u00bb{}\u00bb theme_builder_area=\u00bbpost_content\u00bb][et_pb_column type=\u00bb4_4&#8243; _builder_version=\u00bb3.25&#8243; custom_padding=\u00bb|||\u00bb global_colors_info=\u00bb{}\u00bb custom_padding__hover=\u00bb|||\u00bb theme_builder_area=\u00bbpost_content\u00bb][et_pb_text module_class=\u00bbtopHeader\u00bb _builder_version=\u00bb4.14.7&#8243; text_font=\u00bb||||||||\u00bb text_line_height=\u00bb1.8em\u00bb header_font=\u00bb||||||||\u00bb header_line_height=\u00bb1.2em\u00bb header_3_font=\u00bb||||||||\u00bb header_3_text_color=\u00bb#ffffff\u00bb header_3_letter_spacing=\u00bb10px\u00bb header_3_line_height=\u00bb2em\u00bb background_layout=\u00bbdark\u00bb module_alignment=\u00bbcenter\u00bb hover_enabled=\u00bb0&#8243; text_font_size_tablet=\u00bb19px\u00bb text_font_size_phone=\u00bb15px\u00bb text_font_size_last_edited=\u00bbon|desktop\u00bb header_font_size_tablet=\u00bb44px\u00bb header_font_size_phone=\u00bb37px\u00bb header_font_size_last_edited=\u00bboff|desktop\u00bb header_3_font_size_tablet=\u00bb14px\u00bb header_3_font_size_phone=\u00bb12px\u00bb header_3_font_size_last_edited=\u00bboff|desktop\u00bb header_3_letter_spacing_tablet=\u00bb5px\u00bb header_3_letter_spacing_phone=\u00bb\u00bb header_3_letter_spacing_last_edited=\u00bbon|tablet\u00bb global_colors_info=\u00bb{}\u00bb theme_builder_area=\u00bbpost_content\u00bb sticky_enabled=\u00bb0&#8243;]<\/p>\n<h1>Cu\u00e9ntenos Cu\u00e1l Es Su Necesidad<\/h1>\n<p>[\/et_pb_text][\/et_pb_column][\/et_pb_row][\/et_pb_section][et_pb_section fb_built=\u00bb1&#8243; admin_label=\u00bbContact\u00bb _builder_version=\u00bb3.22.3&#8243; custom_padding=\u00bb80px||80px||true|false\u00bb bottom_divider_color=\u00bb#FFFFFF\u00bb saved_tabs=\u00bball\u00bb global_colors_info=\u00bb{}\u00bb theme_builder_area=\u00bbpost_content\u00bb][et_pb_row column_structure=\u00bb3_5,2_5&#8243; _builder_version=\u00bb4.14.7&#8243; custom_padding=\u00bb|||\u00bb use_custom_width=\u00bbon\u00bb width_unit=\u00bboff\u00bb custom_width_percent=\u00bb96%\u00bb global_colors_info=\u00bb{}\u00bb theme_builder_area=\u00bbpost_content\u00bb][et_pb_column type=\u00bb3_5&#8243; _builder_version=\u00bb3.25&#8243; custom_padding=\u00bb|||\u00bb global_colors_info=\u00bb{}\u00bb custom_padding__hover=\u00bb|||\u00bb theme_builder_area=\u00bbpost_content\u00bb][et_pb_text _builder_version=\u00bb4.14.7&#8243; hover_enabled=\u00bb0&#8243; global_colors_info=\u00bb{}\u00bb theme_builder_area=\u00bbpost_content\u00bb sticky_enabled=\u00bb0&#8243;]<\/p>\n<h2>Env\u00edenos un mensaje<\/h2>\n<p>Si tiene preguntas sobre un producto espec\u00edfico, o quiere que uno de nuestros especialistas lo contacte, estamos aqu\u00ed para ayudarlo. Env\u00edenos un mensaje completando el formulario a continuaci\u00f3n y le responderemos r\u00e1pidamente.<\/p>\n<p>[\/et_pb_text][et_pb_code _builder_version=\u00bb4.14.7&#8243; hover_enabled=\u00bb0&#8243; global_colors_info=\u00bb{}\u00bb theme_builder_area=\u00bbpost_content\u00bb sticky_enabled=\u00bb0&#8243;]<!-- [if lte IE 8]><!-- [et_pb_line_break_holder] --><script charset=\"utf-8\" type=\"text\/javascript\" src=\"\/\/js.hsforms.net\/forms\/v2-legacy.js\"><\/script><!-- [et_pb_line_break_holder] -->&lt;![endif]&#8211;&gt;<!-- [et_pb_line_break_holder] --><script charset=\"utf-8\" type=\"text\/javascript\" src=\"\/\/js.hsforms.net\/forms\/v2.js\"><\/script><!-- [et_pb_line_break_holder] --><script><!-- [et_pb_line_break_holder] -->  hbspt.forms.create({<!-- [et_pb_line_break_holder] -->\tregion: \"na1\",<!-- [et_pb_line_break_holder] -->\tportalId: \"4995202\",<!-- [et_pb_line_break_holder] -->  cssClass: 'ppc-form',<!-- [et_pb_line_break_holder] -->\tformId: \"d6ba38b7-7da6-4aae-8beb-a38450838888\"<!-- [et_pb_line_break_holder] -->});<!-- [et_pb_line_break_holder] --><\/script>[\/et_pb_code][\/et_pb_column][et_pb_column type=\u00bb2_5&#8243; _builder_version=\u00bb3.25&#8243; custom_padding=\u00bb|||\u00bb global_colors_info=\u00bb{}\u00bb custom_padding__hover=\u00bb|||\u00bb theme_builder_area=\u00bbpost_content\u00bb][et_pb_blurb title=\u00bbAcceso a la Cuenta\u00bb image=\u00bbhttps:\/\/www.sopranodesign.com\/wp-content\/uploads\/2019\/05\/Icon_Account-Access.png\u00bb alt=\u00bbAccount Access Soprano\u00bb _builder_version=\u00bb4.14.7&#8243; header_level=\u00bbh2&#8243; header_font=\u00bb||||||||\u00bb header_line_height=\u00bb1.7em\u00bb body_font=\u00bb||||||||\u00bb body_line_height=\u00bb1.8em\u00bb background_color=\u00bb#ffffff\u00bb text_orientation=\u00bbcenter\u00bb module_alignment=\u00bbleft\u00bb custom_margin=\u00bb||20px|\u00bb custom_padding=\u00bb30px|20px|40px|20px|false|true\u00bb custom_padding_tablet=\u00bb\u00bb custom_padding_phone=\u00bb\u00bb custom_padding_last_edited=\u00bbon|phone\u00bb animation_style=\u00bbzoom\u00bb animation_intensity_zoom=\u00bb8%\u00bb animation=\u00bboff\u00bb hover_enabled=\u00bb0&#8243; border_radii=\u00bbon|10px|10px|10px|10px\u00bb box_shadow_style=\u00bbpreset1&#8243; box_shadow_blur=\u00bb70px\u00bb box_shadow_color=\u00bbrgba(110,130,208,0.18)\u00bb locked=\u00bboff\u00bb global_colors_info=\u00bb{}\u00bb theme_builder_area=\u00bbpost_content\u00bb sticky_enabled=\u00bb0&#8243;]<\/p>\n<p>Ingrese a su cuenta, vea los recursos de su operador y env\u00ede otras dudas<\/p>\n<p><a id=\"homeHeroButton\" class=\"et_pb_button et_pb_button_0 btn-primary et_hover_enabled et_pb_bg_layout_dark\" href=\"https:\/\/www.sopranodesign.com\/?page_id=220038\">Acceso A La Cuenta<\/a><\/p>\n<p>[\/et_pb_blurb][et_pb_blurb title=\u00bbOficinas Globales\u00bb image=\u00bbhttps:\/\/www.sopranodesign.com\/wp-content\/uploads\/2019\/05\/Icon_Global-Offices.png\u00bb alt=\u00bbSoprano Global Locations\u00bb _builder_version=\u00bb4.14.7&#8243; header_level=\u00bbh2&#8243; header_font=\u00bb||||||||\u00bb body_font=\u00bb||||||||\u00bb body_line_height=\u00bb1.8em\u00bb background_color=\u00bb#ffffff\u00bb text_orientation=\u00bbcenter\u00bb module_alignment=\u00bbleft\u00bb custom_margin=\u00bb||0px|\u00bb custom_padding=\u00bb30px|20px|40px|20px|false|true\u00bb custom_padding_tablet=\u00bb\u00bb custom_padding_phone=\u00bb\u00bb custom_padding_last_edited=\u00bbon|phone\u00bb animation_style=\u00bbzoom\u00bb animation_intensity_zoom=\u00bb8%\u00bb animation=\u00bboff\u00bb hover_enabled=\u00bb0&#8243; border_radii=\u00bbon|10px|10px|10px|10px\u00bb box_shadow_style=\u00bbpreset1&#8243; box_shadow_blur=\u00bb70px\u00bb box_shadow_color=\u00bbrgba(110,130,208,0.18)\u00bb locked=\u00bboff\u00bb global_colors_info=\u00bb{}\u00bb theme_builder_area=\u00bbpost_content\u00bb sticky_enabled=\u00bb0&#8243;]<\/p>\n<p>Oficinas regionales cerca de usted:<br \/>\nEuropa, Am\u00e9rica del Norte, Am\u00e9rica del Sur, Asia, Australia &amp; Nueva Zelanda<\/p>\n<p><strong>Sede<\/strong>: Level 11, 132 Arthur St North Sydney NSW 2060 Australia<\/p>\n<p>[\/et_pb_blurb][\/et_pb_column][\/et_pb_row][\/et_pb_section]<\/p>\n","protected":false},"excerpt":{"rendered":"<p>Cu\u00e9ntenos Cu\u00e1l Es Su&#8230;<\/p>\n","protected":false},"author":57,"featured_media":0,"parent":0,"menu_order":0,"comment_status":"closed","ping_status":"closed","template":"","meta":{"_acf_changed":false,"_seopress_robots_primary_cat":"","_seopress_titles_title":"Contacte con Soprano, proveedor l\u00edder en soluciones CPaaS","_seopress_titles_desc":"Explorar m\u00e9todos para atraer al 47% de los clientes del sector financiero desatendidos. Descubra c\u00f3mo la comunicaci\u00f3n dirigida puede mejorar el alcance de los clientes.","_seopress_robots_index":"","_et_pb_use_builder":"on","_et_pb_old_content":"","_et_gb_content_width":"","content-type":"","inline_featured_image":false,"footnotes":""},"class_list":["post-225998","page","type-page","status-publish"],"acf":[],"featured_image_src":null,"featured_image_src_square":null,"_links":{"self":[{"href":"https:\/\/www.sopranodesign.com\/es\/wp-json\/wp\/v2\/pages\/225998","targetHints":{"allow":["GET"]}}],"collection":[{"href":"https:\/\/www.sopranodesign.com\/es\/wp-json\/wp\/v2\/pages"}],"about":[{"href":"https:\/\/www.sopranodesign.com\/es\/wp-json\/wp\/v2\/types\/page"}],"author":[{"embeddable":true,"href":"https:\/\/www.sopranodesign.com\/es\/wp-json\/wp\/v2\/users\/57"}],"replies":[{"embeddable":true,"href":"https:\/\/www.sopranodesign.com\/es\/wp-json\/wp\/v2\/comments?post=225998"}],"version-history":[{"count":0,"href":"https:\/\/www.sopranodesign.com\/es\/wp-json\/wp\/v2\/pages\/225998\/revisions"}],"wp:attachment":[{"href":"https:\/\/www.sopranodesign.com\/es\/wp-json\/wp\/v2\/media?parent=225998"}],"curies":[{"name":"wp","href":"https:\/\/api.w.org\/{rel}","templated":true}]}}