{"id":233973,"date":"2019-07-19T19:34:37","date_gmt":"2019-07-19T19:34:37","guid":{"rendered":"https:\/\/heavenly-structure.flywheelsites.com\/plataforma\/integracion\/"},"modified":"2020-09-04T08:53:39","modified_gmt":"2020-09-04T08:53:39","slug":"integracion","status":"publish","type":"page","link":"https:\/\/www.sopranodesign.com\/es\/plataforma\/integracion\/","title":{"rendered":"Integracion"},"content":{"rendered":"\n[et_pb_section fb_built=\u00bb1&#8243; custom_padding_last_edited=\u00bbon|phone\u00bb admin_label=\u00bbHeader\u00bb module_class=\u00bbgradient-dark-alt\u00bb _builder_version=\u00bb3.22.3&#8243; background_color_gradient_direction=\u00bb130deg\u00bb parallax=\u00bbon\u00bb custom_padding=\u00bb3vw||6vw||false|false\u00bb custom_padding_tablet=\u00bb3vw||4vw||false\u00bb custom_padding_phone=\u00bb2vw||7vw||false\u00bb bottom_divider_style=\u00bbwave2&#8243; bottom_divider_color=\u00bb#FFFFFF\u00bb bottom_divider_height=\u00bb50px\u00bb bottom_divider_height_tablet=\u00bb50px\u00bb bottom_divider_height_phone=\u00bb50px\u00bb bottom_divider_height_last_edited=\u00bbon|desktop\u00bb saved_tabs=\u00bball\u00bb][et_pb_row _builder_version=\u00bb3.25&#8243; custom_padding=\u00bb30px|0px|44px|0px|false|false\u00bb][et_pb_column type=\u00bb4_4&#8243; _builder_version=\u00bb3.25&#8243; custom_padding=\u00bb|||\u00bb custom_padding__hover=\u00bb|||\u00bb][et_pb_text module_class=\u00bbtopHeader\u00bb _builder_version=\u00bb3.27.4&#8243; text_font=\u00bb||||||||\u00bb text_line_height=\u00bb1.8em\u00bb header_font=\u00bb||||||||\u00bb header_line_height=\u00bb1.2em\u00bb header_3_font=\u00bb||||||||\u00bb header_3_text_color=\u00bb#ffffff\u00bb header_3_letter_spacing=\u00bb10px\u00bb header_3_line_height=\u00bb2em\u00bb background_layout=\u00bbdark\u00bb module_alignment=\u00bbcenter\u00bb text_font_size_tablet=\u00bb19px\u00bb text_font_size_phone=\u00bb15px\u00bb text_font_size_last_edited=\u00bbon|desktop\u00bb header_font_size_tablet=\u00bb44px\u00bb header_font_size_phone=\u00bb37px\u00bb header_font_size_last_edited=\u00bboff|desktop\u00bb header_3_font_size_tablet=\u00bb14px\u00bb header_3_font_size_phone=\u00bb12px\u00bb header_3_font_size_last_edited=\u00bboff|desktop\u00bb header_3_letter_spacing_tablet=\u00bb5px\u00bb header_3_letter_spacing_phone=\u00bb\u00bb header_3_letter_spacing_last_edited=\u00bbon|tablet\u00bb]<h3>INTEGRACI\u00d3N de baja codificaci\u00f3n<\/h3>\n<h1>Integraci\u00f3n a trav\u00e9s de API y Plugins<\/h1>\n<p>Mejore sus sistemas de TI con mensajer\u00eda m\u00f3vil A2P Automatizada<\/p>\n[\/et_pb_text][\/et_pb_column][\/et_pb_row][\/et_pb_section][et_pb_section fb_built=\u00bb1&#8243; custom_padding_last_edited=\u00bbon|tablet\u00bb _builder_version=\u00bb3.22.3&#8243; custom_padding=\u00bb6vw||6vw||true|true\u00bb custom_padding_tablet=\u00bb||6vw\u00bb custom_padding_phone=\u00bb\u00bb bottom_divider_style=\u00bbwaves2&#8243; bottom_divider_color=\u00bb#f9f9f9&#8243; bottom_divider_height=\u00bb191px\u00bb bottom_divider_repeat=\u00bb0.6x\u00bb bottom_divider_height_tablet=\u00bb220px\u00bb bottom_divider_height_phone=\u00bb160px\u00bb bottom_divider_height_last_edited=\u00bbon|phone\u00bb locked=\u00bboff\u00bb][et_pb_row column_structure=\u00bb1_2,1_2&#8243; _builder_version=\u00bb3.25&#8243; width=\u00bb90%\u00bb max_width=\u00bb90%\u00bb custom_padding=\u00bb|||5%\u00bb use_custom_width=\u00bbon\u00bb width_unit=\u00bboff\u00bb custom_width_percent=\u00bb90%\u00bb][et_pb_column type=\u00bb1_2&#8243; _builder_version=\u00bb3.25&#8243; custom_padding=\u00bb|||\u00bb custom_padding__hover=\u00bb|||\u00bb][et_pb_text _builder_version=\u00bb3.27.4&#8243; text_font=\u00bb||||||||\u00bb ul_font=\u00bb||||||||\u00bb header_font=\u00bb||||||||\u00bb header_2_font=\u00bb||||||||\u00bb header_2_line_height=\u00bb1.2em\u00bb header_3_font=\u00bb||||||||\u00bb max_width=\u00bb800px\u00bb max_width_last_edited=\u00bboff|desktop\u00bb custom_margin=\u00bb|||\u00bb custom_padding=\u00bb|||\u00bb header_2_font_size_tablet=\u00bb35px\u00bb header_2_font_size_phone=\u00bb28px\u00bb header_2_font_size_last_edited=\u00bbon|phone\u00bb inline_fonts=\u00bbABeeZee\u00bb]<h2>APIs Sofisticadas<\/h2>\n<p>Las empresas necesitan herramientas de conectividad para seguir siendo competitivas. A medida que aumenta la cantidad de dispositivos, formatos de datos, aplicaciones y servicios, se vuelve un desaf\u00edo lograr que estos sistemas funcionen en armon\u00eda.<\/p>\n<h3>Nuestra plataforma puede ayudarlo con todas sus necesidades de integraci\u00f3n y automatizaci\u00f3n de mensajer\u00eda A2P.<\/h3>\n[\/et_pb_text][\/et_pb_column][et_pb_column type=\u00bb1_2&#8243; _builder_version=\u00bb3.25&#8243; custom_padding=\u00bb|||\u00bb custom_padding__hover=\u00bb|||\u00bb][et_pb_image src=\u00bbhttps:\/\/www.sopranodesign.com\/wp-content\/uploads\/2019\/11\/2.-Integration-Page-ESP_Image-01_Sophisticated-APIs-01.3-ESP.jpg\u00bb align=\u00bbcenter\u00bb align_tablet=\u00bbcenter\u00bb align_phone=\u00bb\u00bb align_last_edited=\u00bbon|desktop\u00bb _builder_version=\u00bb4.0.3&#8243; max_width_tablet=\u00bb97%\u00bb max_width_phone=\u00bb\u00bb max_width_last_edited=\u00bbon|desktop\u00bb custom_margin=\u00bb3vh||3vh||true\u00bb animation_style=\u00bbzoom\u00bb animation_intensity_zoom=\u00bb6%\u00bb border_radii=\u00bbon|10px|10px|10px|10px\u00bb border_width_all=\u00bb2px\u00bb border_color_all=\u00bbrgba(255,255,255,0)\u00bb][\/et_pb_image][\/et_pb_column][\/et_pb_row][\/et_pb_section][et_pb_section fb_built=\u00bb1&#8243; custom_padding_last_edited=\u00bbon|tablet\u00bb admin_label=\u00bb Market Research\u00bb _builder_version=\u00bb3.22.3&#8243; background_color=\u00bb#f9f9f9&#8243; custom_margin=\u00bb|||||true\u00bb custom_margin_tablet=\u00bb\u00bb custom_margin_phone=\u00bb\u00bb custom_margin_last_edited=\u00bbon|phone\u00bb custom_padding=\u00bb0||0||true|false\u00bb custom_padding_tablet=\u00bb\u00bb custom_padding_phone=\u00bb0px|||\u00bb top_divider_style=\u00bbwave2&#8243; top_divider_color=\u00bb#f9f9f9&#8243; top_divider_height=\u00bb500px\u00bb bottom_divider_style=\u00bbwave2&#8243; bottom_divider_color=\u00bb#FFFFFF\u00bb bottom_divider_height=\u00bb76px\u00bb saved_tabs=\u00bball\u00bb][et_pb_row column_structure=\u00bb3_5,2_5&#8243; use_custom_gutter=\u00bbon\u00bb gutter_width=\u00bb2&#8243; custom_padding_last_edited=\u00bboff|desktop\u00bb padding_top_bottom_link_2=\u00bbfalse\u00bb padding_left_right_link_2=\u00bbfalse\u00bb module_class=\u00bb et_pb_row_fullwidth\u00bb _builder_version=\u00bb3.25&#8243; background_color=\u00bb#ffffff\u00bb use_background_color_gradient=\u00bbon\u00bb background_color_gradient_start=\u00bb#ffffff\u00bb background_color_gradient_end=\u00bb#f9f9f9&#8243; background_color_gradient_start_position=\u00bb14%\u00bb background_position=\u00bbbottom_center\u00bb width=\u00bb94%\u00bb width_tablet=\u00bb80%\u00bb width_phone=\u00bb\u00bb width_last_edited=\u00bbon|desktop\u00bb max_width=\u00bb94%\u00bb max_width_tablet=\u00bb80%\u00bb max_width_phone=\u00bb\u00bb max_width_last_edited=\u00bbon|desktop\u00bb custom_margin=\u00bb||-3px\u00bb custom_padding=\u00bb0|0px|56px|0px|false|false\u00bb custom_padding_tablet=\u00bb||\u00bb make_fullwidth=\u00bbon\u00bb][et_pb_column type=\u00bb3_5&#8243; _builder_version=\u00bb3.25&#8243; custom_padding=\u00bb|||\u00bb custom_padding__hover=\u00bb|||\u00bb][et_pb_image src=\u00bbhttps:\/\/www.sopranodesign.com\/wp-content\/uploads\/2019\/09\/Integration-Page_Image-02_Seamless-Integration-ESP.png\u00bb align=\u00bbcenter\u00bb align_tablet=\u00bbcenter\u00bb align_phone=\u00bb\u00bb align_last_edited=\u00bbon|desktop\u00bb _builder_version=\u00bb3.26.6&#8243; background_color_gradient_direction=\u00bb30deg\u00bb parallax=\u00bbon\u00bb max_width=\u00bb89%\u00bb module_alignment=\u00bbcenter\u00bb custom_margin=\u00bb2vw|||0px\u00bb custom_padding=\u00bb0vw|4vw|10px|4vw\u00bb custom_padding_tablet=\u00bb|||9vw\u00bb custom_padding_phone=\u00bb|0px||9vw\u00bb custom_padding_last_edited=\u00bbon|phone\u00bb animation_style=\u00bbzoom\u00bb animation_direction=\u00bbleft\u00bb animation_intensity_zoom=\u00bb2%\u00bb][\/et_pb_image][\/et_pb_column][et_pb_column type=\u00bb2_5&#8243; _builder_version=\u00bb3.25&#8243; custom_padding=\u00bb4vw|10vw||\u00bb custom_padding_tablet=\u00bb|10%||10%||true\u00bb custom_padding_phone=\u00bb\u00bb custom_padding_last_edited=\u00bbon|desktop\u00bb custom_padding__hover=\u00bb|||\u00bb][et_pb_text _builder_version=\u00bb3.27.4&#8243; text_font=\u00bb||||||||\u00bb ul_font=\u00bb||||||||\u00bb header_font=\u00bb||||||||\u00bb header_2_font=\u00bb||||||||\u00bb header_2_line_height=\u00bb1.2em\u00bb header_3_font=\u00bb||||||||\u00bb max_width_last_edited=\u00bboff|desktop\u00bb custom_margin=\u00bb|||-4vw\u00bb custom_padding=\u00bb|||\u00bb header_2_font_size_tablet=\u00bb35px\u00bb header_2_font_size_phone=\u00bb28px\u00bb header_2_font_size_last_edited=\u00bbon|phone\u00bb]<h2>F\u00e1cil Integraci\u00f3n<\/h2>\n<p>Nuestra plataforma se puede integrar para trabajar sin problemas con sus sistemas de TI tales como autenticaci\u00f3n de 2do factor, comunicaci\u00f3n con empleados, campa\u00f1as de marketing m\u00f3vil, recursos humanos, confirmaci\u00f3n de turnos, recordatorios de reuniones, encuestas de satisfacci\u00f3n entre otros.<\/p>\n[\/et_pb_text][\/et_pb_column][\/et_pb_row][et_pb_row column_structure=\u00bb1_2,1_2&#8243; use_custom_gutter=\u00bbon\u00bb gutter_width=\u00bb2&#8243; padding_left_right_link_1=\u00bbfalse\u00bb padding_left_right_link_2=\u00bbtrue\u00bb _builder_version=\u00bb3.25&#8243; width=\u00bb90%\u00bb max_width=\u00bb90%\u00bb custom_margin=\u00bb||||false\u00bb custom_padding=\u00bb6vw||4vw||false|true\u00bb use_custom_width=\u00bbon\u00bb width_unit=\u00bboff\u00bb custom_width_percent=\u00bb90%\u00bb][et_pb_column type=\u00bb1_2&#8243; _builder_version=\u00bb3.25&#8243; custom_padding=\u00bb||5%|\u00bb custom_padding_tablet=\u00bb|0%||\u00bb custom_padding_phone=\u00bb\u00bb custom_padding_last_edited=\u00bbon|desktop\u00bb custom_padding__hover=\u00bb|||\u00bb][et_pb_text _builder_version=\u00bb3.27.4&#8243; text_font=\u00bb||||||||\u00bb ul_font=\u00bb||||||||\u00bb header_font=\u00bb||||||||\u00bb header_2_font=\u00bb||||||||\u00bb header_3_font=\u00bb||||||||\u00bb max_width_last_edited=\u00bboff|desktop\u00bb module_alignment=\u00bbcenter\u00bb custom_margin=\u00bb2vw|||-13px\u00bb custom_padding=\u00bb0vw|||||true\u00bb header_2_font_size_tablet=\u00bb35px\u00bb header_2_font_size_phone=\u00bb28px\u00bb header_2_font_size_last_edited=\u00bbon|phone\u00bb]<h2>Plataforma API Unificada<\/h2>\n<p>Integrate with various APIs including APIs a trav\u00e9s de diversos protocolos como <strong>REST, SMTP (email2SMS), HTTP, SMPP y WSDL<\/strong> (servicios web) para la integraci\u00f3n con sus sistemas de TI. Dise\u00f1e, cree, pruebe, proteja, administre y retire las sus licencias API desde nuestra plataforma.<\/p>\n[\/et_pb_text][\/et_pb_column][et_pb_column type=\u00bb1_2&#8243; _builder_version=\u00bb3.25&#8243; custom_padding=\u00bb|||\u00bb custom_padding_tablet=\u00bb\u00bb custom_padding_phone=\u00bb\u00bb custom_padding_last_edited=\u00bbon|desktop\u00bb custom_padding__hover=\u00bb|||\u00bb][et_pb_image src=\u00bbhttps:\/\/www.sopranodesign.com\/wp-content\/uploads\/2020\/07\/soprano-connect-api-es.jpg\u00bb align=\u00bbcenter\u00bb _builder_version=\u00bb4.4.8&#8243; max_width_tablet=\u00bb97%\u00bb max_width_phone=\u00bb95%\u00bb max_width_last_edited=\u00bbon|desktop\u00bb module_alignment=\u00bbcenter\u00bb hover_enabled=\u00bb0&#8243; always_center_on_mobile=\u00bboff\u00bb title_text=\u00bbsoprano-connect-api-es\u00bb alt=\u00bbSoprano Connect API Platform\u00bb][\/et_pb_image][\/et_pb_column][\/et_pb_row][\/et_pb_section][et_pb_section fb_built=\u00bb1&#8243; admin_label=\u00bbWhat we do best Row\u00bb module_class=\u00bbstacking-reverse\u00bb _builder_version=\u00bb3.22.3&#8243; background_color=\u00bb#ffffff\u00bb background_color_gradient_direction=\u00bb1deg\u00bb custom_padding=\u00bb0px||5vw||false|false\u00bb][et_pb_row column_structure=\u00bb1_2,1_2&#8243; use_custom_gutter=\u00bbon\u00bb gutter_width=\u00bb2&#8243; custom_padding_last_edited=\u00bboff|desktop\u00bb padding_top_bottom_link_2=\u00bbfalse\u00bb padding_left_right_link_1=\u00bbtrue\u00bb padding_left_right_link_2=\u00bbfalse\u00bb _builder_version=\u00bb3.25&#8243; background_position=\u00bbbottom_center\u00bb width=\u00bb90%\u00bb max_width=\u00bb90%\u00bb custom_margin=\u00bb||\u00bb custom_padding=\u00bb4vw||4vw||false|false\u00bb custom_padding_tablet=\u00bb||\u00bb use_custom_width=\u00bbon\u00bb width_unit=\u00bboff\u00bb custom_width_percent=\u00bb90%\u00bb][et_pb_column type=\u00bb1_2&#8243; _builder_version=\u00bb3.25&#8243; custom_padding=\u00bb|||\u00bb custom_padding_tablet=\u00bb\u00bb custom_padding_phone=\u00bb\u00bb custom_padding_last_edited=\u00bbon|desktop\u00bb custom_padding__hover=\u00bb|||\u00bb][et_pb_image src=\u00bbhttps:\/\/www.sopranodesign.com\/wp-content\/uploads\/2019\/09\/Integration-Page_Image-04_Plugins-.3-ESP.png\u00bb align=\u00bbcenter\u00bb _builder_version=\u00bb3.26.6&#8243; background_color_gradient_direction=\u00bb30deg\u00bb parallax=\u00bbon\u00bb max_width_tablet=\u00bb97%\u00bb max_width_phone=\u00bb97%\u00bb max_width_last_edited=\u00bbon|desktop\u00bb module_alignment=\u00bbcenter\u00bb custom_margin=\u00bb0vw|||||\u00bb custom_padding_tablet=\u00bb|||\u00bb custom_padding_phone=\u00bb|||||true\u00bb custom_padding_last_edited=\u00bbon|desktop\u00bb animation_style=\u00bbzoom\u00bb animation_direction=\u00bbleft\u00bb animation_intensity_zoom=\u00bb2%\u00bb always_center_on_mobile=\u00bboff\u00bb][\/et_pb_image][\/et_pb_column][et_pb_column type=\u00bb1_2&#8243; _builder_version=\u00bb3.25&#8243; custom_padding=\u00bb3vw||5%|0%\u00bb custom_padding_tablet=\u00bb|0%||0%||true\u00bb custom_padding_phone=\u00bb\u00bb custom_padding_last_edited=\u00bbon|desktop\u00bb custom_padding__hover=\u00bb|||\u00bb][et_pb_text _builder_version=\u00bb3.27.4&#8243; text_font=\u00bb||||||||\u00bb ul_font=\u00bb||||||||\u00bb header_font=\u00bb||||||||\u00bb header_2_font=\u00bb||||||||\u00bb header_3_font=\u00bb||||||||\u00bb max_width_last_edited=\u00bboff|desktop\u00bb custom_margin=\u00bb|||\u00bb custom_padding=\u00bb|||\u00bb header_2_font_size_tablet=\u00bb35px\u00bb header_2_font_size_phone=\u00bb28px\u00bb header_2_font_size_last_edited=\u00bbon|phone\u00bb]<h2>Plugins de Mensajer\u00eda<\/h2>\n<p><span>Ahorre tiempo y mejore las comunicaciones con Plugins autom\u00e1ticos. Sincronice la informaci\u00f3n de una variedad de fuentes para asegurarse de tener la informaci\u00f3n m\u00e1s actualizada, reduciendo la necesidad de actualizar manualmente los sistemas y duplicar los registros. Nuestros complementos son f\u00e1ciles de configurar y utilizar.<\/span><\/p>\n[\/et_pb_text][\/et_pb_column][\/et_pb_row][\/et_pb_section][et_pb_section fb_built=\u00bb1&#8243; custom_padding_last_edited=\u00bbon|desktop\u00bb admin_label=\u00bbCall to action\u00bb module_class=\u00bbgradient-dark-alt cta-footer footer-general\u00bb _builder_version=\u00bb3.22.3&#8243; background_color=\u00bb#f9f9f9&#8243; background_color_gradient_direction=\u00bb130deg\u00bb parallax=\u00bbon\u00bb custom_padding=\u00bb10vw||7vw||false|false\u00bb custom_padding_tablet=\u00bb100px||100px||true\u00bb custom_padding_phone=\u00bb||||true\u00bb top_divider_style=\u00bbwave2&#8243; top_divider_color=\u00bb#FFFFFF\u00bb top_divider_height=\u00bb67px\u00bb top_divider_flip=\u00bbhorizontal|vertical\u00bb top_divider_height_tablet=\u00bb150px\u00bb top_divider_height_phone=\u00bb110px\u00bb top_divider_height_last_edited=\u00bbon|phone\u00bb saved_tabs=\u00bball\u00bb][et_pb_row module_class=\u00bb et_pb_row_fullwidth\u00bb _builder_version=\u00bb3.25&#8243; width=\u00bb89%\u00bb width_tablet=\u00bb80%\u00bb width_phone=\u00bb\u00bb width_last_edited=\u00bbon|desktop\u00bb max_width=\u00bb89%\u00bb max_width_tablet=\u00bb80%\u00bb max_width_phone=\u00bb\u00bb max_width_last_edited=\u00bbon|desktop\u00bb custom_margin_phone=\u00bb|||\u00bb custom_margin_last_edited=\u00bboff|desktop\u00bb custom_padding=\u00bb|||\u00bb make_fullwidth=\u00bbon\u00bb][et_pb_column type=\u00bb4_4&#8243; _builder_version=\u00bb3.25&#8243; custom_padding=\u00bb|||\u00bb custom_padding__hover=\u00bb|||\u00bb][et_pb_text _builder_version=\u00bb3.27.4&#8243; text_font=\u00bb||||||||\u00bb header_font=\u00bb||||||||\u00bb header_2_font=\u00bb||||||||\u00bb header_3_font=\u00bb||||||||\u00bb header_3_text_align=\u00bbcenter\u00bb header_3_text_color=\u00bb#ffffff\u00bb text_orientation=\u00bbcenter\u00bb background_layout=\u00bbdark\u00bb max_width=\u00bb850px\u00bb module_alignment=\u00bbcenter\u00bb custom_margin=\u00bb|||\u00bb custom_padding=\u00bb|||\u00bb text_font_size_last_edited=\u00bboff|desktop\u00bb header_2_font_size_tablet=\u00bb40px\u00bb header_2_font_size_phone=\u00bb32px\u00bb header_2_font_size_last_edited=\u00bbon|desktop\u00bb header_3_font_size_tablet=\u00bb16px\u00bb header_3_font_size_phone=\u00bb14px\u00bb header_3_font_size_last_edited=\u00bbon|phone\u00bb]<p><span>Utilice una potente API de baja codificaci\u00f3n<\/span><\/p>\n<h2>Estoy listo para Integrar mis Sistemas a trav\u00e9s de API<\/h2>\n[\/et_pb_text][et_pb_button button_url=\u00bbhttps:\/\/www.sopranodesign.com\/es\/contacto\/\u00bb button_text=\u00bbHablemos\u00bb button_alignment=\u00bbcenter\u00bb module_class=\u00bbbtn-secondary\u00bb _builder_version=\u00bb3.20.1&#8243; custom_button=\u00bbon\u00bb button_bg_color_gradient_start=\u00bb#f7828e\u00bb button_bg_color_gradient_end=\u00bb#fcb6ab\u00bb button_bg_color_gradient_direction=\u00bb90deg\u00bb button_border_width=\u00bb0px\u00bb button_border_color=\u00bbrgba(0,0,0,0)\u00bb button_border_radius=\u00bb4px\u00bb button_letter_spacing=\u00bb5px\u00bb button_font=\u00bbRoboto|700||on|||||\u00bb background_layout=\u00bbdark\u00bb custom_margin=\u00bb|||\u00bb custom_padding=\u00bb18px|34px|18px|34px|true|true\u00bb button_letter_spacing_hover=\u00bb5.5px\u00bb button_text_size__hover_enabled=\u00bboff\u00bb button_one_text_size__hover_enabled=\u00bboff\u00bb button_two_text_size__hover_enabled=\u00bboff\u00bb button_text_color__hover_enabled=\u00bboff\u00bb button_one_text_color__hover_enabled=\u00bboff\u00bb button_two_text_color__hover_enabled=\u00bboff\u00bb button_border_width__hover_enabled=\u00bboff\u00bb button_one_border_width__hover_enabled=\u00bboff\u00bb button_two_border_width__hover_enabled=\u00bboff\u00bb button_border_color__hover_enabled=\u00bboff\u00bb button_one_border_color__hover_enabled=\u00bboff\u00bb button_two_border_color__hover_enabled=\u00bboff\u00bb button_border_radius__hover_enabled=\u00bboff\u00bb button_one_border_radius__hover_enabled=\u00bboff\u00bb button_two_border_radius__hover_enabled=\u00bboff\u00bb button_letter_spacing__hover_enabled=\u00bbon\u00bb button_letter_spacing__hover=\u00bb5.5px\u00bb button_one_letter_spacing__hover_enabled=\u00bboff\u00bb button_two_letter_spacing__hover_enabled=\u00bboff\u00bb button_bg_color__hover_enabled=\u00bboff\u00bb button_one_bg_color__hover_enabled=\u00bboff\u00bb button_two_bg_color__hover_enabled=\u00bboff\u00bb][\/et_pb_button][\/et_pb_column][\/et_pb_row][et_pb_row _builder_version=\u00bb3.25&#8243; saved_tabs=\u00bball\u00bb][et_pb_column type=\u00bb4_4&#8243; _builder_version=\u00bb3.25&#8243; custom_padding=\u00bb|||\u00bb custom_padding__hover=\u00bb|||\u00bb][et_pb_social_media_follow _builder_version=\u00bb3.25.3&#8243; text_orientation=\u00bbcenter\u00bb border_radii=\u00bbon|34px|34px|34px|34px\u00bb][et_pb_social_media_follow_network social_network=\u00bbfacebook\u00bb url=\u00bbhttps:\/\/www.facebook.com\/pages\/Soprano-Design\/138683882813204&#8243; _builder_version=\u00bb3.20.1&#8243; follow_button=\u00bboff\u00bb url_new_window=\u00bbon\u00bb]facebook[\/et_pb_social_media_follow_network][et_pb_social_media_follow_network social_network=\u00bbtwitter\u00bb url=\u00bbhttps:\/\/twitter.com\/Soprano_Design\u00bb _builder_version=\u00bb3.20.1&#8243; follow_button=\u00bboff\u00bb url_new_window=\u00bbon\u00bb]twitter[\/et_pb_social_media_follow_network][et_pb_social_media_follow_network social_network=\u00bbyoutube\u00bb url=\u00bbhttps:\/\/www.youtube.com\/user\/SopranoDesign\u00bb _builder_version=\u00bb3.20.1&#8243; follow_button=\u00bboff\u00bb url_new_window=\u00bbon\u00bb]youtube[\/et_pb_social_media_follow_network][et_pb_social_media_follow_network social_network=\u00bblinkedin\u00bb url=\u00bbhttps:\/\/www.linkedin.com\/company\/soprano-design\u00bb _builder_version=\u00bb3.25.3&#8243; follow_button=\u00bboff\u00bb url_new_window=\u00bbon\u00bb]linkedin[\/et_pb_social_media_follow_network][\/et_pb_social_media_follow][\/et_pb_column][\/et_pb_row][\/et_pb_section]\n","protected":false},"excerpt":{"rendered":"<p>INTEGRACI\u00d3N de baja&#8230;<\/p>\n","protected":false},"author":57,"featured_media":0,"parent":0,"menu_order":0,"comment_status":"closed","ping_status":"closed","template":"","meta":{"_acf_changed":false,"_seopress_robots_primary_cat":"","_seopress_titles_title":"APIs y Plugins para comunicaciones m\u00f3viles | Soprano Design","_seopress_titles_desc":"Mejore sus sistemas de TI utilizando nuestras API y plugins de f\u00e1cil integraci\u00f3n. Descubra c\u00f3mo integrar la mensajer\u00eda m\u00f3vil A2P en sus plataformas.","_seopress_robots_index":"","_et_pb_use_builder":"on","_et_pb_old_content":"","_et_gb_content_width":"","content-type":"","inline_featured_image":false,"footnotes":""},"class_list":["post-233973","page","type-page","status-publish"],"acf":[],"featured_image_src":null,"featured_image_src_square":null,"_links":{"self":[{"href":"https:\/\/www.sopranodesign.com\/es\/wp-json\/wp\/v2\/pages\/233973","targetHints":{"allow":["GET"]}}],"collection":[{"href":"https:\/\/www.sopranodesign.com\/es\/wp-json\/wp\/v2\/pages"}],"about":[{"href":"https:\/\/www.sopranodesign.com\/es\/wp-json\/wp\/v2\/types\/page"}],"author":[{"embeddable":true,"href":"https:\/\/www.sopranodesign.com\/es\/wp-json\/wp\/v2\/users\/57"}],"replies":[{"embeddable":true,"href":"https:\/\/www.sopranodesign.com\/es\/wp-json\/wp\/v2\/comments?post=233973"}],"version-history":[{"count":0,"href":"https:\/\/www.sopranodesign.com\/es\/wp-json\/wp\/v2\/pages\/233973\/revisions"}],"wp:attachment":[{"href":"https:\/\/www.sopranodesign.com\/es\/wp-json\/wp\/v2\/media?parent=233973"}],"curies":[{"name":"wp","href":"https:\/\/api.w.org\/{rel}","templated":true}]}}