{"id":252565,"date":"2019-10-28T15:42:45","date_gmt":"2019-10-28T15:42:45","guid":{"rendered":"https:\/\/heavenly-structure.flywheelsites.com\/blog-2\/"},"modified":"2022-12-13T12:15:34","modified_gmt":"2022-12-13T12:15:34","slug":"blog","status":"publish","type":"page","link":"https:\/\/www.sopranodesign.com\/es\/blog\/","title":{"rendered":"Blog"},"content":{"rendered":"<p>[et_pb_section fb_built=\u00bb1&#8243; _builder_version=\u00bb4.17.4&#8243; _module_preset=\u00bbdefault\u00bb global_colors_info=\u00bb{}\u00bb][et_pb_row use_custom_gutter=\u00bbon\u00bb gutter_width=\u00bb2&#8243; make_equal=\u00bbon\u00bb module_class=\u00bbproduct-section-title\u00bb _builder_version=\u00bb4.17.6&#8243; _module_preset=\u00bbdefault\u00bb max_width=\u00bb1165px\u00bb custom_padding=\u00bb40px||0px||false|false\u00bb locked=\u00bboff\u00bb global_colors_info=\u00bb{}\u00bb][et_pb_column type=\u00bb4_4&#8243; _builder_version=\u00bb4.16&#8243; _module_preset=\u00bbdefault\u00bb global_colors_info=\u00bb{}\u00bb][et_pb_text _builder_version=\u00bb4.17.6&#8243; _module_preset=\u00bbdefault\u00bb text_orientation=\u00bbcenter\u00bb custom_padding=\u00bb||60px|||\u00bb global_colors_info=\u00bb{}\u00bb]<\/p>\n<h1 style=\"margin-bottom: 1em !important;\">Blog de Soprano Design<\/h1>\n<p>Bienvenido al lugar perfecto para aprender y encontrar informaci\u00f3n sobre CPaaS, la experiencia del cliente y el poder de las comunicaciones m\u00f3viles.<\/p>\n<p>[\/et_pb_text][et_pb_code module_class=\u00bbblog-search-box\u00bb _builder_version=\u00bb4.19.0&#8243; _module_preset=\u00bbdefault\u00bb text_orientation=\u00bbcenter\u00bb module_alignment=\u00bbcenter\u00bb custom_margin=\u00bb||60px|||\u00bb global_colors_info=\u00bb{}\u00bb]<form role=\"search\" aria-label=\"Sitewide\" method=\"get\" class=\"search-form\" action=\"https:\/\/www.sopranodesign.com\/es\/\">\n        <label>\n            <span class=\"screen-reader-text\">Buscar:<\/span>\n            <input type=\"search\" aria-label=\"Search\" class=\"search-field\" placeholder=\"Buscar &hellip;\" value=\"\" name=\"s\" \/>\n        <\/label>\n        <input type=\"submit\" class=\"search-submit\" value=\"Buscar\" \/>\n    <\/form>[\/et_pb_code][\/et_pb_column][\/et_pb_row][\/et_pb_section][et_pb_section fb_built=\u00bb1&#8243; _builder_version=\u00bb4.17.4&#8243; _module_preset=\u00bbdefault\u00bb global_colors_info=\u00bb{}\u00bb][et_pb_row _builder_version=\u00bb4.17.4&#8243; _module_preset=\u00bbdefault\u00bb global_colors_info=\u00bb{}\u00bb][et_pb_column type=\u00bb4_4&#8243; _builder_version=\u00bb4.17.4&#8243; _module_preset=\u00bbdefault\u00bb global_colors_info=\u00bb{}\u00bb][et_pb_text _builder_version=\u00bb4.17.4&#8243; _module_preset=\u00bbdefault\u00bb text_orientation=\u00bbcenter\u00bb global_colors_info=\u00bb{}\u00bb]<\/p>\n<h2>Aprende a trav\u00e9s de nuestras gu\u00edas digitales<\/h2>\n<p>[\/et_pb_text][et_pb_code module_class=\u00bbdigital-guides-list\u00bb _builder_version=\u00bb4.19.0&#8243; _module_preset=\u00bbdefault\u00bb hover_enabled=\u00bb0&#8243; global_colors_info=\u00bb{}\u00bb sticky_enabled=\u00bb0&#8243;]<a href=\"https:\/\/www.sopranodesign.com\/es\/cpaas\/\">CPaaS <\/a><!-- [et_pb_line_break_holder] --><a href=\"https:\/\/www.sopranodesign.com\/es\/cpaas\/mensajeria-ip\/\">Mensajer\u00eda IP<\/a><!-- [et_pb_line_break_holder] --><a href=\"https:\/\/www.sopranodesign.com\/es\/mensajeria-de-voz\/\">Mensajes de voz automatizados<\/a><!-- [et_pb_line_break_holder] --><a href=\"https:\/\/www.sopranodesign.com\/es\/rcs\/\">RCS<\/a><!-- [et_pb_line_break_holder] --><a href=\"https:\/\/www.sopranodesign.com\/es\/guia-whatsapp-for-business\/\">WhatsApp for Business<\/a><!-- [et_pb_line_break_holder] --><a href=\"https:\/\/www.sopranodesign.com\/es\/cpaas\/google-business-messages\/\">Google Business Messaging<\/a><!-- [et_pb_line_break_holder] --><a href=\"https:\/\/www.sopranodesign.com\/es\/cpaas\/comunicacion-omnicanal\/\">Omnicanal<\/a><!-- [et_pb_line_break_holder] --><a href=\"https:\/\/www.sopranodesign.com\/es\/cpaas\/ia-conversacional\/\">IA Conversacional<\/a><!-- [et_pb_line_break_holder] --><a href=\"https:\/\/www.sopranodesign.com\/es\/financiero\/\">Finanzas<\/a><!-- [et_pb_line_break_holder] --><a href=\"https:\/\/www.sopranodesign.com\/es\/healthcare-messaging-solution\/\">Mensajer\u00eda en salud<\/a><!-- [et_pb_line_break_holder] --><a href=\"https:\/\/www.sopranodesign.com\/solutions\/transportation-logistics\/\">Logistics<\/a><!-- [et_pb_line_break_holder] --><a href=\"https:\/\/www.sopranodesign.com\/es\/retail\/\">Retail<\/a><!-- [et_pb_line_break_holder] --><a href=\"https:\/\/www.sopranodesign.com\/es\/verificacion-en-dos-pasos\/\">Two Factor Authentication<\/a><!-- [et_pb_line_break_holder] --><a href=\"https:\/\/www.sopranodesign.com\/es\/gestion-de-incidentes\/\">Gesti\u00f3n de incidentes con SMS<\/a><!-- [et_pb_line_break_holder] --><a href=\"https:\/\/www.sopranodesign.com\/es\/guia-de-sms-pumping-descubre-como-actuar-ante-fraudes-por-sms\/\">SMS Pumping<\/a><!-- [et_pb_line_break_holder] --><!-- [et_pb_line_break_holder] -->[\/et_pb_code][\/et_pb_column][\/et_pb_row][\/et_pb_section][et_pb_section fb_built=\u00bb1&#8243; _builder_version=\u00bb4.17.4&#8243; _module_preset=\u00bbdefault\u00bb global_colors_info=\u00bb{}\u00bb][et_pb_row module_class=\u00bbblog-flexlist-elements\u00bb _builder_version=\u00bb4.17.4&#8243; _module_preset=\u00bbdefault\u00bb global_colors_info=\u00bb{}\u00bb][et_pb_column type=\u00bb4_4&#8243; _builder_version=\u00bb4.17.4&#8243; _module_preset=\u00bbdefault\u00bb global_colors_info=\u00bb{}\u00bb][et_pb_text _builder_version=\u00bb4.17.4&#8243; _module_preset=\u00bbdefault\u00bb text_orientation=\u00bbcenter\u00bb global_colors_info=\u00bb{}\u00bb]<\/p>\n<h2>\u00daltimos art\u00edculos<\/h2>\n<p>[\/et_pb_text][et_pb_code module_class=\u00bbresources-list-inner\u00bb _builder_version=\u00bb4.17.6&#8243; _module_preset=\u00bbdefault\u00bb global_colors_info=\u00bb{}\u00bb]<div id=\"ajax-load-more\" class=\"ajax-load-more-wrap infinite fading-circles alm-layouts\" data-id=\"9126723412\" data-alm-id=\"\" data-canonical-url=\"https:\/\/www.sopranodesign.com\/es\/blog\/\" data-slug=\"blog\" data-post-id=\"252565\"  data-localized=\"ajax_load_more_9126723412_vars\" data-alm-object=\"ajax_load_more_9126723412\"><div aria-live=\"polite\" aria-atomic=\"true\" class=\"alm-listing alm-ajax\" data-preloaded=\"true\" data-preloaded-amount=\"3\" data-container-type=\"div\" data-loading-style=\"infinite fading-circles\" data-repeater=\"template_12\" data-post-type=\"post\" data-category-not-in=\"43,42\" data-order=\"DESC\" data-orderby=\"date\" data-offset=\"0\" data-posts-per-page=\"3\" data-lang=\"es\" data-scroll-distance=\"400\" data-pause-override=\"true\" data-button-label=\"Load More\" data-prev-button-label=\"Load Previous\"><li class=\"alm-layout alm-3-col  alm-blog-card articleBlock\">\n\t\n<div class=\"post-inside-wrapper\">\n<div class=\"postHeader\">\n<span class=\"post-date\">julio 26, 2023<\/span>\n<span class=\"post-categories\"><\/span>\n<\/div>\n\n  <a href=\"https:\/\/www.sopranodesign.com\/es\/descubriendo-el-potencial-del-compromiso-del-cliente-omnicanal\/\" class=\"alm-featured-image\">\n    <img loading=\"lazy\" decoding=\"async\" width=\"768\" height=\"402\" src=\"https:\/\/www.sopranodesign.com\/wp-content\/uploads\/2023\/07\/omnichannel-customer-engagement-1-768x402.jpg\" class=\"attachment-medium_large size-medium_large wp-post-image\" alt=\"\" srcset=\"https:\/\/www.sopranodesign.com\/wp-content\/uploads\/2023\/07\/omnichannel-customer-engagement-1-768x402.jpg 768w, https:\/\/www.sopranodesign.com\/wp-content\/uploads\/2023\/07\/omnichannel-customer-engagement-1-300x157.jpg 300w, https:\/\/www.sopranodesign.com\/wp-content\/uploads\/2023\/07\/omnichannel-customer-engagement-1-1024x536.jpg 1024w, https:\/\/www.sopranodesign.com\/wp-content\/uploads\/2023\/07\/omnichannel-customer-engagement-1-1080x565.jpg 1080w, https:\/\/www.sopranodesign.com\/wp-content\/uploads\/2023\/07\/omnichannel-customer-engagement-1.jpg 1200w\" sizes=\"(max-width: 768px) 100vw, 768px\" \/>  <\/a>\n  <a class=\"title-link\" href=\"https:\/\/www.sopranodesign.com\/es\/descubriendo-el-potencial-del-compromiso-del-cliente-omnicanal\/\">\n  <h2 class=\"content-title\">Descubriendo el Potencial del Compromiso del Cliente Omnicanal<\/h2><\/a>\n\n<div>\r\n\r\n\r\n\r\nHoy en d\u00eda, los minoristas enfrentan un desaf\u00edo significativo para mantenerse conectados con sus clientes y mantener una presencia consistente y relevante en m\u00faltiples canales.<\/div>\n                                     \n<div class=\"postMore\">\n<a class=\"et_pb_button\" href=\"https:\/\/www.sopranodesign.com\/es\/descubriendo-el-potencial-del-compromiso-del-cliente-omnicanal\/\">Read More<\/a>\n<\/div>\n\n<\/div>\n\n<\/li><li class=\"alm-layout alm-3-col  alm-blog-card articleBlock\">\n\t\n<div class=\"post-inside-wrapper\">\n<div class=\"postHeader\">\n<span class=\"post-date\">julio 26, 2023<\/span>\n<span class=\"post-categories\"><\/span>\n<\/div>\n\n  <a href=\"https:\/\/www.sopranodesign.com\/es\/atencion-medica-omnicanal-como-impacta-la-experiencia-del-paciente\/\" class=\"alm-featured-image\">\n    <img loading=\"lazy\" decoding=\"async\" width=\"768\" height=\"402\" src=\"https:\/\/www.sopranodesign.com\/wp-content\/uploads\/2023\/07\/Omnichannel-healthcare-768x402.jpg\" class=\"attachment-medium_large size-medium_large wp-post-image\" alt=\"\" srcset=\"https:\/\/www.sopranodesign.com\/wp-content\/uploads\/2023\/07\/Omnichannel-healthcare-768x402.jpg 768w, https:\/\/www.sopranodesign.com\/wp-content\/uploads\/2023\/07\/Omnichannel-healthcare-300x157.jpg 300w, https:\/\/www.sopranodesign.com\/wp-content\/uploads\/2023\/07\/Omnichannel-healthcare-1024x536.jpg 1024w, https:\/\/www.sopranodesign.com\/wp-content\/uploads\/2023\/07\/Omnichannel-healthcare-1080x565.jpg 1080w, https:\/\/www.sopranodesign.com\/wp-content\/uploads\/2023\/07\/Omnichannel-healthcare.jpg 1200w\" sizes=\"(max-width: 768px) 100vw, 768px\" \/>  <\/a>\n  <a class=\"title-link\" href=\"https:\/\/www.sopranodesign.com\/es\/atencion-medica-omnicanal-como-impacta-la-experiencia-del-paciente\/\">\n  <h2 class=\"content-title\">Atenci\u00f3n M\u00e9dica Omnicanal: C\u00f3mo Impacta la Experiencia del Paciente<\/h2><\/a>\n\n<div>\r\n\r\n\r\n\r\nLa atenci\u00f3n medica omnicanal ha encontrado su lugar transformando la experiencia del paciente al integrar de manera fluida varios canales de comunicaci\u00f3n.<\/div>\n                                     \n<div class=\"postMore\">\n<a class=\"et_pb_button\" href=\"https:\/\/www.sopranodesign.com\/es\/atencion-medica-omnicanal-como-impacta-la-experiencia-del-paciente\/\">Read More<\/a>\n<\/div>\n\n<\/div>\n\n<\/li><li class=\"alm-layout alm-3-col last alm-blog-card articleBlock\">\n\t\n<div class=\"post-inside-wrapper\">\n<div class=\"postHeader\">\n<span class=\"post-date\">julio 24, 2023<\/span>\n<span class=\"post-categories\"><\/span>\n<\/div>\n\n  <a href=\"https:\/\/www.sopranodesign.com\/es\/construyendo-confianza-con-la-banca-omnicanal-el-poder-de-la-tecnologia\/\" class=\"alm-featured-image\">\n    <img loading=\"lazy\" decoding=\"async\" width=\"768\" height=\"402\" src=\"https:\/\/www.sopranodesign.com\/wp-content\/uploads\/2023\/07\/omnichannel-banking-768x402.jpg\" class=\"attachment-medium_large size-medium_large wp-post-image\" alt=\"\" srcset=\"https:\/\/www.sopranodesign.com\/wp-content\/uploads\/2023\/07\/omnichannel-banking-768x402.jpg 768w, https:\/\/www.sopranodesign.com\/wp-content\/uploads\/2023\/07\/omnichannel-banking-300x157.jpg 300w, https:\/\/www.sopranodesign.com\/wp-content\/uploads\/2023\/07\/omnichannel-banking-1024x536.jpg 1024w, https:\/\/www.sopranodesign.com\/wp-content\/uploads\/2023\/07\/omnichannel-banking-1080x565.jpg 1080w, https:\/\/www.sopranodesign.com\/wp-content\/uploads\/2023\/07\/omnichannel-banking.jpg 1200w\" sizes=\"(max-width: 768px) 100vw, 768px\" \/>  <\/a>\n  <a class=\"title-link\" href=\"https:\/\/www.sopranodesign.com\/es\/construyendo-confianza-con-la-banca-omnicanal-el-poder-de-la-tecnologia\/\">\n  <h2 class=\"content-title\">Construyendo Confianza con la Banca Omnicanal: El Poder de la Tecnolog\u00eda<\/h2><\/a>\n\n<div>\r\n\r\n\r\n\r\nVivimos en un mundo donde la gratificaci\u00f3n inmediata es la norma. Los consumidores eval\u00faan a sus proveedores de servicios no solo en t\u00e9rminos de valor y calidad del servicio,<\/div>\n                                     \n<div class=\"postMore\">\n<a class=\"et_pb_button\" href=\"https:\/\/www.sopranodesign.com\/es\/construyendo-confianza-con-la-banca-omnicanal-el-poder-de-la-tecnologia\/\">Read More<\/a>\n<\/div>\n\n<\/div>\n\n<\/li><\/div><div class=\"alm-btn-wrap\" data-rel=\"ajax-load-more\"><button class=\"alm-load-more-btn \" type=\"button\">Load More<\/button><\/div><\/div>[\/et_pb_code][\/et_pb_column][\/et_pb_row][\/et_pb_section]<\/p>\n","protected":false},"excerpt":{"rendered":"<p>[et_pb_section fb_built=\u00bb1&#8243; _builder_version=\u00bb4.17.4&#8243; _module_preset=\u00bbdefault\u00bb global_colors_info=\u00bb{}\u00bb][et_pb_row use_custom_gutter=\u00bbon\u00bb gutter_width=\u00bb2&#8243; make_equal=\u00bbon\u00bb module_class=\u00bbproduct-section-title\u00bb _builder_version=\u00bb4.17.6&#8243; _module_preset=\u00bbdefault\u00bb max_width=\u00bb1165px\u00bb custom_padding=\u00bb40px||0px||false|false\u00bb locked=\u00bboff\u00bb global_colors_info=\u00bb{}\u00bb][et_pb_column type=\u00bb4_4&#8243; _builder_version=\u00bb4.16&#8243; _module_preset=\u00bbdefault\u00bb global_colors_info=\u00bb{}\u00bb][et_pb_text _builder_version=\u00bb4.17.6&#8243; _module_preset=\u00bbdefault\u00bb text_orientation=\u00bbcenter\u00bb custom_padding=\u00bb||60px|||\u00bb<\/p>\n","protected":false},"author":57,"featured_media":0,"parent":0,"menu_order":0,"comment_status":"closed","ping_status":"closed","template":"blog.php","meta":{"_acf_changed":false,"_seopress_robots_primary_cat":"","_seopress_titles_title":"Aprende sobre CPaaS y Comunicaci\u00f3n M\u00f3vil | Soprano Blog ","_seopress_titles_desc":"Conoce las tendencias y novedades sobre CPaaS, la plataforma de comunicaciones m\u00f3viles en la nube que te ayuda a atraer clientes y escalar tu empresa.","_seopress_robots_index":"","_et_pb_use_builder":"on","_et_pb_old_content":"","_et_gb_content_width":"","content-type":"","inline_featured_image":false,"footnotes":""},"class_list":["post-252565","page","type-page","status-publish","hentry"],"acf":[],"featured_image_src":null,"featured_image_src_square":null,"_links":{"self":[{"href":"https:\/\/www.sopranodesign.com\/es\/wp-json\/wp\/v2\/pages\/252565","targetHints":{"allow":["GET"]}}],"collection":[{"href":"https:\/\/www.sopranodesign.com\/es\/wp-json\/wp\/v2\/pages"}],"about":[{"href":"https:\/\/www.sopranodesign.com\/es\/wp-json\/wp\/v2\/types\/page"}],"author":[{"embeddable":true,"href":"https:\/\/www.sopranodesign.com\/es\/wp-json\/wp\/v2\/users\/57"}],"replies":[{"embeddable":true,"href":"https:\/\/www.sopranodesign.com\/es\/wp-json\/wp\/v2\/comments?post=252565"}],"version-history":[{"count":0,"href":"https:\/\/www.sopranodesign.com\/es\/wp-json\/wp\/v2\/pages\/252565\/revisions"}],"wp:attachment":[{"href":"https:\/\/www.sopranodesign.com\/es\/wp-json\/wp\/v2\/media?parent=252565"}],"curies":[{"name":"wp","href":"https:\/\/api.w.org\/{rel}","templated":true}]}}