{"id":322650,"date":"2020-08-11T09:32:05","date_gmt":"2020-08-11T09:32:05","guid":{"rendered":"https:\/\/heavenly-structure.flywheelsites.com\/politica-de-cookies\/"},"modified":"2025-01-07T17:22:39","modified_gmt":"2025-01-07T06:22:39","slug":"politica-de-cookies","status":"publish","type":"page","link":"https:\/\/www.sopranodesign.com\/es\/politica-de-cookies\/","title":{"rendered":"Pol\u00edtica de Cookies"},"content":{"rendered":"<p>[et_pb_section fb_built=\u00bb1&#8243; custom_padding_last_edited=\u00bbon|phone\u00bb admin_label=\u00bbHeader\u00bb module_class=\u00bbgradient-dark-alt\u00bb _builder_version=\u00bb3.22&#8243; background_color_gradient_direction=\u00bb130deg\u00bb parallax=\u00bbon\u00bb custom_padding=\u00bb3vw||2vw||false|false\u00bb custom_padding_tablet=\u00bb3vw||4vw||false\u00bb custom_padding_phone=\u00bb2vw||7vw||false\u00bb bottom_divider_style=\u00bbwave2&#8243; bottom_divider_color=\u00bb#FFFFFF\u00bb bottom_divider_height=\u00bb50px\u00bb bottom_divider_height_tablet=\u00bb50px\u00bb bottom_divider_height_phone=\u00bb50px\u00bb bottom_divider_height_last_edited=\u00bbon|desktop\u00bb saved_tabs=\u00bball\u00bb][et_pb_row _builder_version=\u00bb3.25&#8243; custom_padding=\u00bb30px|0px|44px|0px|false|false\u00bb][et_pb_column type=\u00bb4_4&#8243; _builder_version=\u00bb3.25&#8243; custom_padding=\u00bb|||\u00bb custom_padding__hover=\u00bb|||\u00bb][et_pb_text module_class=\u00bbtopHeader\u00bb _builder_version=\u00bb4.0.8&#8243; text_font=\u00bb||||||||\u00bb text_line_height=\u00bb1.8em\u00bb header_font=\u00bb||||||||\u00bb header_line_height=\u00bb1.2em\u00bb header_3_font=\u00bb||||||||\u00bb header_3_text_color=\u00bb#ffffff\u00bb header_3_letter_spacing=\u00bb10px\u00bb header_3_line_height=\u00bb2em\u00bb background_layout=\u00bbdark\u00bb module_alignment=\u00bbcenter\u00bb text_font_size_tablet=\u00bb19px\u00bb text_font_size_phone=\u00bb15px\u00bb text_font_size_last_edited=\u00bbon|desktop\u00bb header_font_size_tablet=\u00bb44px\u00bb header_font_size_phone=\u00bb37px\u00bb header_font_size_last_edited=\u00bboff|desktop\u00bb header_3_font_size_tablet=\u00bb14px\u00bb header_3_font_size_phone=\u00bb12px\u00bb header_3_font_size_last_edited=\u00bboff|desktop\u00bb header_3_letter_spacing_tablet=\u00bb5px\u00bb header_3_letter_spacing_phone=\u00bb\u00bb header_3_letter_spacing_last_edited=\u00bbon|tablet\u00bb]<\/p>\n<h1>Pol\u00edtica de Cookies de Soprano Design<\/h1>\n<p>[\/et_pb_text][\/et_pb_column][\/et_pb_row][\/et_pb_section][et_pb_section fb_built=\u00bb1&#8243; _builder_version=\u00bb3.22&#8243;][et_pb_row _builder_version=\u00bb3.25&#8243;][et_pb_column type=\u00bb4_4&#8243; _builder_version=\u00bb3.25&#8243; custom_padding=\u00bb|||\u00bb custom_padding__hover=\u00bb|||\u00bb][et_pb_text _builder_version=\u00bb4.5.1&#8243; text_font=\u00bb||||||||\u00bb ul_font=\u00bb||||||||\u00bb header_font=\u00bb||||||||\u00bb header_2_font=\u00bb||||||||\u00bb header_3_font=\u00bb||||||||\u00bb max_width_last_edited=\u00bboff|desktop\u00bb module_alignment=\u00bbcenter\u00bb custom_margin=\u00bb||0px|\u00bb custom_padding=\u00bb|||\u00bb hover_enabled=\u00bb0&#8243; header_2_font_size_tablet=\u00bb35px\u00bb header_2_font_size_phone=\u00bb28px\u00bb header_2_font_size_last_edited=\u00bbon|phone\u00bb]<\/p>\n<p>Cuando visita nuestro sitio web <a href=\"https:\/\/www.sopranodesign.com\">www.www.sopranodesign.com<\/a>, nosotros y nuestros socios recogemos algunos datos utilizando cookies, etiquetas de p\u00edxel (tambi\u00e9n llamadas \u00abbalizas web\u00bb) u otras tecnolog\u00edas de seguimiento para mejorar la experiencia en l\u00ednea del usuario. Esta Pol\u00edtica de Cookies explica c\u00f3mo y cu\u00e1ndo utilizamos tecnolog\u00edas de seguimiento en nuestra web.<\/p>\n<p>&nbsp;<\/p>\n<ol>\n<li><strong>\u00bfQU\u00c9 ES UNA COOKIE? <\/strong><\/li>\n<\/ol>\n<p>Una cookie es un fragmento de datos contenido en un peque\u00f1o archivo de texto que se guarda en su \u00abterminal\u00bb (por ejemplo su ordenador o tel\u00e9fono) cuando visita un sitio web, como <u>www.www.sopranodesign.com<\/u> (el \u00abSitio Web\u00bb), y almacena cierta informaci\u00f3n sobre sus preferencias o acciones pasadas. La cookie se descarga en el dispositivo que utiliza para acceder al Sitio Web y se guarda en su disco duro. A efectos de esta pol\u00edtica, el t\u00e9rmino \u00abcookie\u00bb se utiliza para referirse a todo tipo de archivos que almacenan informaci\u00f3n de esta manera, independientemente de la t\u00e9cnica de seguimiento espec\u00edfica que se utilice (cookies, p\u00edxeles, balizas web o cualquier otra tecnolog\u00eda capaz de almacenar la informaci\u00f3n en el dispositivo).<\/p>\n<p>Las cookies pueden tener diferentes usos dependiendo de su prop\u00f3sito, pero su principal objetivo es el de mejorar la experiencia de navegaci\u00f3n del usuario. Por ejemplo, utilizamos cookies para proporcionar funciones de redes sociales, para personalizar el contenido, para mostrar publicidad y para analizar los h\u00e1bitos de navegaci\u00f3n, tal como se explica a continuaci\u00f3n. El usuario siempre tendr\u00e1 el control sobre las cookies que desea instalar o eliminar (consulte el apartado 3 de la presente Pol\u00edtica de Cookies).<\/p>\n<p>Si desea saber m\u00e1s acerca de las cookies, encontrar\u00e1 informaci\u00f3n detallada en: <a title=\"www.allaboutcookies.org\" href=\"https:\/\/www.allaboutcookies.org\" target=\"_blank\" rel=\"noopener noreferrer\">www.allaboutcookies.org<\/a> o <a href=\"https:\/\/www.youronlinechoices.eu\">www.youronlinechoices.eu<\/a>.<\/p>\n<p>&nbsp;<\/p>\n<ol start=\"2\">\n<li><strong>\u00bfQU\u00c9 COOKIES UTILIZA ESTE SITIO WEB? <\/strong><\/li>\n<\/ol>\n<p>Las cookies se pueden clasificar seg\u00fan diferentes criterios, por ejemplo su funci\u00f3n, el tiempo que permanecen almacenadas en un dispositivo o la empresa que las gestiona.<\/p>\n<ul>\n<li><strong>PROPIETARIO: cookies propias y de terceros.<\/strong><\/li>\n<\/ul>\n<p>Este Sitio Web utiliza una combinaci\u00f3n de cookies propias y de terceros. Las cookies propias (o cookies de origen) son las que se env\u00edan al dispositivo del usuario desde nuestro Sitio Web y nos permiten proporcionar los servicios y las funciones que el usuario requiere. Las cookies de terceros est\u00e1n bajo control ajeno, y por lo tanto se env\u00edan al dispositivo del usuario desde un dominio distinto al del Sitio Web (por ejemplo, desde una red de publicidad o un servicio de streaming de v\u00eddeo), a pesar de que se almacenan durante la visita a nuestro Sitio Web.<\/p>\n<ul>\n<li><strong>DURACI\u00d3N: cookies de sesi\u00f3n y cookies persistentes.<\/strong><\/li>\n<\/ul>\n<p>Las \u00abcookies de sesi\u00f3n\u00bb son temporales y permanecen en el dispositivo solo durante el tiempo que el usuario est\u00e9 navegando en el Sitio Web, es decir: se borran en cuanto se cierra el navegador. Sin embargo, las llamadas \u00abcookies persistentes\u00bb permanecen en el dispositivo incluso cuando el usuario abandona el Sitio Web, y se almacenan durante el periodo especificado por la entidad responsable de ellas, el cual suele variar de una cookie a otra. Si el usuario no las elimina, las cookies persistentes permanecer\u00e1n en el dispositivo hasta su fecha de caducidad.<\/p>\n<ul>\n<li><strong>PROP\u00d3SITO: t\u00e9cnicas, de personalizaci\u00f3n, anal\u00edticas o publicitarias. <\/strong><\/li>\n<\/ul>\n<p><strong><span style=\"font-family: inherit;\">Cookies t\u00e9cnicas o estrictamente necesarias<\/span><\/strong><\/p>\n<p>Estas cookies son esenciales para que el Sitio Web se cargue correctamente, y para que el usuario pueda navegar por \u00e9l y utilizar sus funciones, por ejemplo el acceso a las \u00e1reas seguras. Sin ellas, no es posible proporcionar los servicios que se solicitan. Las cookies estrictamente necesarias que emplea el Sitio Web sirven, por ejemplo, para confirmar que el usuario ha accedido correctamente, y para realizar un seguimiento de las cookies que ha aceptado.<\/p>\n<p>Las cookies t\u00e9cnicas son necesarias para operar el Sitio Web, y no se pueden deshabilitar.<\/p>\n<p><strong><br \/>Cookies de personalizaci\u00f3n o cookies de preferencias<\/strong><\/p>\n<p>&nbsp;<\/p>\n<p>&nbsp;<\/p>\n<p>Estas cookies nos permiten recordar las opciones del usuario (como su selecci\u00f3n de idioma o del pa\u00eds en que se encuentra) para poder proporcionarle una experiencia de navegaci\u00f3n m\u00e1s sencilla y personalizada, con caracter\u00edsticas m\u00e1s individuales. Por ejemplo, se pueden utilizar para recordar los cambios del tama\u00f1o y tipo de letra, u otras opciones de personalizaci\u00f3n seleccionadas por el usuario. La informaci\u00f3n que recaban estas cookies puede tratarse de forma an\u00f3nima, y no permite rastrear la actividad de navegaci\u00f3n en otros sitios web.<\/p>\n<p>Estas cookies son opcionales, y se pueden deshabilitar en este <a>enlace a la configuraci\u00f3n de cookies.<\/a><\/p>\n<p><strong><br \/>Cookies estad\u00edsticas o anal\u00edticas<\/strong><\/p>\n<p>&nbsp;<\/p>\n<p>&nbsp;<\/p>\n<p>Estas cookies se utilizan para analizar los h\u00e1bitos de navegaci\u00f3n del usuario en nuestro Sitio Web mediante la recopilaci\u00f3n y notificaci\u00f3n de informaci\u00f3n an\u00f3nima que nos permite conocer mejor la forma en que interact\u00faa con nuestro contenido y saber si experimenta errores, y por lo tanto mejorar su experiencia y nuestro Sitio Web. Recaban informaci\u00f3n sobre las p\u00e1ginas que visita el usuario en nuestro Sitio Web; rastrean el origen de la visita mediante el almacenamiento del tr\u00e1fico de navegaci\u00f3n que explica c\u00f3mo lleg\u00f3 al Sitio Web; determinan si est\u00e1 iniciando una nueva sesi\u00f3n o visita; diferencian a unos usuarios y sesiones de navegaci\u00f3n de otros; recogen informaci\u00f3n sobre el tiempo de permanencia en nuestro Sitio Web, etc.<\/p>\n<p>Las cookies anal\u00edticas son opcionales, y se pueden deshabilitar en este <a>enlace a la configuraci\u00f3n de cookies<\/a>.<\/p>\n<p><strong>Cookies publicitarias o de marketing<\/strong><\/p>\n<p>&nbsp;<\/p>\n<p>&nbsp;<\/p>\n<p>Las cookies publicitarias se utilizan para realizar un seguimiento de la actividad de los usuarios en internet, a fin de mostrarles anuncios que les resulten relevantes y afines a sus intereses con los productos de Soprano Design, incluso en sitios web propiedad de terceros que tambi\u00e9n gestionen su propia publicidad.<\/p>\n<p>Tambi\u00e9n se usan para limitar el n\u00famero de veces que un usuario visualiza un anuncio, y como ayuda para medir la eficacia de una campa\u00f1a publicitaria. Por lo general las colocan las redes publicitarias con el permiso del operador del sitio web. Las cookies recuerdan que el usuario ha visitado un sitio web, y esa informaci\u00f3n se comparte con otras organizaciones, por ejemplo con anunciantes. Con frecuencia, las de publicidad estar\u00e1n vinculadas a alguna funci\u00f3n del sitio proporcionada por la otra organizaci\u00f3n.<\/p>\n<p>Las cookies publicitarias son opcionales, y se pueden deshabilitar en este <a>enlace a la configuraci\u00f3n de cookies<\/a>.<\/p>\n<p>&nbsp;<\/p>\n<ol start=\"3\">\n<li><strong>\u00bfC\u00d3MO CONTROLAR LAS COOKIES?<\/strong><\/li>\n<\/ol>\n<p><u>Herramienta de Configuraci\u00f3n de Cookies<\/u><\/p>\n<p>Cuando el usuario visite nuestro Sitio Web por primera vez, le ofreceremos la posibilidad de configurar qu\u00e9 cookies desea instalar. . Puede bloquear la instalaci\u00f3n de cualquier tipo de cookies a excepci\u00f3n de las t\u00e9cnicas, que son necesarias para el buen funcionamiento del Sitio Web.<\/p>\n<p>Antes de aceptar la instalaci\u00f3n de cookies, puede acceder a nuestra Herramienta de Administraci\u00f3n de Cookies y seleccionar las que no desea que instalemos (recuerde que las cookies t\u00e9cnicas son obligatorias).<\/p>\n<p>Si acepta la instalaci\u00f3n de una categor\u00eda espec\u00edfica de cookies mediante la Herramienta de Administraci\u00f3n de Cookies y m\u00e1s adelante desea bloquear su instalaci\u00f3n o permanencia, haga clic en el enlace a la configuraci\u00f3n de cookies <a>aqu\u00ed<\/a>.<\/p>\n<p><u>Controles del navegador <\/u><\/p>\n<p>Por lo general, el navegador ofrecer\u00e1 una funci\u00f3n que permite ajustar las preferencias para borrar, bloquear o permitir todas las cookies, o para restringir el acceso de un determinado tipo de cookies, como las de publicidad o las \u00abcookies de terceros\u00bb, a su ordenador o tel\u00e9fono (tenga en cuenta que el bloqueo de ciertas cookies puede afectar a su navegaci\u00f3n por Internet).<\/p>\n<p>Encontrar\u00e1 m\u00e1s informaci\u00f3n sobre c\u00f3mo controlar las cookies en los siguientes enlaces* o en el men\u00fa de Ayuda de su navegador:<\/p>\n<ul>\n<li>Microsoft Internet Explorer 11 <a href=\"http:\/\/windows.microsoft.com\/es-%C2%ADes\/internet-%C2%ADexplorer\/delete-manage-%C2%ADcookies#ie=ie-%C2%AD11\" target=\"_blank\" rel=\"noopener noreferrer\"><u>http:\/\/windows.microsoft.com\/es-\u00ades\/internet-\u00adexplorer\/delete-manage-\u00adcookies#ie=ie-\u00ad11<\/u><\/a><\/li>\n<li>Microsoft Edge: <a href=\"http:\/\/windows.microsoft.com\/es-%C2%ADxl\/windows-%C2%AD10\/edge-%C2%ADprivacy-%C2%ADfaq\"><u>http:\/\/windows.microsoft.com\/es-\u00adxl\/windows-\u00ad10\/edge-\u00adprivacy-\u00adfaq<\/u><\/a><\/li>\n<li>Apple Safari 8 (Yosemite) <a href=\"https:\/\/support.apple.com\/kb\/PH19214?locale=es_ES%20\"><u>https:\/\/support.apple.com\/kb\/PH19214?locale=es_ES<\/u><\/a><\/li>\n<li>Apple Safari 9 (El Captain) et seq. <a href=\"https:\/\/support.apple.com\/kb\/PH21411?locale=es_ES\">https:\/\/support.apple.com\/kb\/PH21411?locale=es_ES<\/a><\/li>\n<li>Google Chrome <a href=\"https:\/\/support.google.com\/chrome\/answer\/95647?hl=es%20\" target=\"_blank\" rel=\"noopener noreferrer\"><u>https:\/\/support.google.com\/chrome\/answer\/95647?hl=es<\/u><\/a><\/li>\n<li>Mozilla Firefox <a href=\"https:\/\/support.mozilla.org\/es\/kb\/habilitar-%C2%ADy-%C2%ADdeshabilitar-%C2%ADcookies-que-%C2%ADlos-%C2%ADsitios-%C2%ADwe%20\">https:\/\/support.mozilla.org\/es\/kb\/habilitar-\u00ady-\u00addeshabilitar-\u00adcookies-que-\u00adlos-\u00adsitios-\u00adwe <\/a> y <a href=\"https:\/\/support.mozilla.org\/es\/kb\/Borrar%20cookies\" target=\"_blank\" rel=\"noopener noreferrer\">https:\/\/support.mozilla.org\/es\/kb\/Borrar cookies<\/a><\/li>\n<li>Opera <a href=\"https:\/\/help.opera.com\/en\/latest\/\">https:\/\/help.opera.com\/en\/latest\/<\/a><\/li>\n<\/ul>\n<p>*Los anteriores enlaces est\u00e1n sujetos a cambios por parte de los desarrolladores de los respectivos navegadores. Soprano Design se esforzar\u00e1 todo lo posible por mantener la lista actualizada.<\/p>\n<p><u>Se\u00f1ales Do Not Track (\u00abDNT\u00bb) \/ Aviso DNT de California<\/u><\/p>\n<p>Algunos navegadores ofrecen al usuario la posibilidad de comunicar que no desea ser rastreado mientras navega en internet. Tenga en cuenta que actualmente no tenemos la capacidad de responder a estas se\u00f1ales, conocidas como \u00abDo Not Track\u00bb; sin embargo, proporcionamos la opci\u00f3n de configurar las cookies que desea instalar a trav\u00e9s de nuestra Herramienta de Configuraci\u00f3n de Cookies .<\/p>\n<p><u>Extensiones del navegador<\/u><\/p>\n<p>Algunos de nuestros proveedores han desarrollado un mecanismo espec\u00edfico para permitir a los usuarios bloquear la instalaci\u00f3n de sus cookies en todos los sitios web que las utilizan. Aqu\u00ed encontrar\u00e1 una lista de proveedores y enlaces (algunos pueden no estar en su idioma, pero generalmente es f\u00e1cil localizar el bot\u00f3n de la opci\u00f3n de bloqueo de las cookies):<\/p>\n<table width=\"613\">\n<tbody>\n<tr>\n<td width=\"100\">\n<p><strong>SERVICIO <\/strong><\/p>\n<\/td>\n<td width=\"514\">\n<p><strong>OPT-OUT <\/strong><\/p>\n<\/td>\n<\/tr>\n<tr>\n<td width=\"100\">\n<p>YouTube<\/p>\n<\/td>\n<td width=\"514\">\n<p>&nbsp;<\/p>\n<p><a href=\"https:\/\/adssettings.google.com\/\">https:\/\/adssettings.google.com\/<\/a><u><br \/>https:\/\/support.google.com\/ads\/answer\/2662922?hl=en<\/u><\/p>\n<\/td>\n<\/tr>\n<tr>\n<td width=\"100\">\n<p>Google Analytics<\/p>\n<\/td>\n<td width=\"514\">\n<p><u>https:\/\/tools.google.com\/dlpage\/gaoptout<\/u><\/p>\n<\/td>\n<\/tr>\n<tr>\n<td width=\"100\">\n<p>DoubleClick<\/p>\n<\/td>\n<td width=\"514\">\n<p><u>https:\/\/adssettings.google.com\/<\/u><\/p>\n<\/td>\n<\/tr>\n<\/tbody>\n<\/table>\n<p>Tenga en cuenta que, si elimina las cookies de su navegador, se pueden borrar sus preferencias de exclusi\u00f3n de los proveedores anteriores, y necesitar\u00e1 volver a configurarlas.<\/p>\n<p>&nbsp;<\/p>\n<ol start=\"4\">\n<li><strong>DATOS DE CONTACTO<\/strong><\/li>\n<\/ol>\n<p>En caso de duda sobre esta Pol\u00edtica de Cookies, p\u00f3ngase en contacto con nuestro Equipo de Privacidad a trav\u00e9s de <a href=\"mailto:privacy@www.sopranodesign.com\">privacy@www.sopranodesign.com<\/a>.<\/p>\n<p>&nbsp;<\/p>\n<ol start=\"5\">\n<li><strong>POL\u00cdTICA SUJETA A CAMBIOS<\/strong><\/li>\n<\/ol>\n<p>Esta Pol\u00edtica de Cookies puede cambiar con el tiempo para reflejar los cambios en los servicios y contenidos ofrecidos en este Sitio Web, cambios en las normativas aplicables o en nuestras pr\u00e1cticas de tratamiento de datos. Cualquier modificaci\u00f3n a esta pol\u00edtica se publicar\u00e1 en nuestro Sitio Web con una fecha de revisi\u00f3n actualizada. Si alguna alteraci\u00f3n a esta Pol\u00edtica de Cookies afecta significativamente a nuestros usuarios, les notificaremos dicho cambio con antelaci\u00f3n.<\/p>\n<p><strong><u>\u00daltima actualizaci\u00f3n<\/u>:<\/strong> 5 de agosto de 2020<\/p>\n<p>[\/et_pb_text][\/et_pb_column][\/et_pb_row][\/et_pb_section]<\/p>\n","protected":false},"excerpt":{"rendered":"<p>Pol\u00edtica de Cookies&#8230;<\/p>\n","protected":false},"author":57,"featured_media":0,"parent":0,"menu_order":0,"comment_status":"closed","ping_status":"closed","template":"","meta":{"_acf_changed":false,"_seopress_robots_primary_cat":"","_seopress_titles_title":"Pol\u00edtica de Cookies de Soprano Design - Informaci\u00f3n y Gesti\u00f3n","_seopress_titles_desc":"Conhe\u00e7a a nossa Pol\u00edtica de Cookies na Soprano Design. Perceba como usamos os cookies para melhorar a sua experi\u00eancia. Leia todos os detalhes hoje!","_seopress_robots_index":"yes","_et_pb_use_builder":"on","_et_pb_old_content":"","_et_gb_content_width":"","content-type":"","inline_featured_image":false,"footnotes":""},"class_list":["post-322650","page","type-page","status-publish"],"acf":[],"featured_image_src":null,"featured_image_src_square":null,"_links":{"self":[{"href":"https:\/\/www.sopranodesign.com\/es\/wp-json\/wp\/v2\/pages\/322650","targetHints":{"allow":["GET"]}}],"collection":[{"href":"https:\/\/www.sopranodesign.com\/es\/wp-json\/wp\/v2\/pages"}],"about":[{"href":"https:\/\/www.sopranodesign.com\/es\/wp-json\/wp\/v2\/types\/page"}],"author":[{"embeddable":true,"href":"https:\/\/www.sopranodesign.com\/es\/wp-json\/wp\/v2\/users\/57"}],"replies":[{"embeddable":true,"href":"https:\/\/www.sopranodesign.com\/es\/wp-json\/wp\/v2\/comments?post=322650"}],"version-history":[{"count":0,"href":"https:\/\/www.sopranodesign.com\/es\/wp-json\/wp\/v2\/pages\/322650\/revisions"}],"wp:attachment":[{"href":"https:\/\/www.sopranodesign.com\/es\/wp-json\/wp\/v2\/media?parent=322650"}],"curies":[{"name":"wp","href":"https:\/\/api.w.org\/{rel}","templated":true}]}}