{"id":450497,"date":"2022-04-19T09:57:42","date_gmt":"2022-04-19T09:57:42","guid":{"rendered":"https:\/\/heavenly-structure.flywheelsites.com\/aprende-con-soprano\/"},"modified":"2025-01-07T17:07:19","modified_gmt":"2025-01-07T06:07:19","slug":"aprende-con-soprano","status":"publish","type":"page","link":"https:\/\/www.sopranodesign.com\/es\/learn\/","title":{"rendered":"Aprende con Soprano"},"content":{"rendered":"<p>[et_pb_section fb_built=\u00bb1&#8243; custom_padding_last_edited=\u00bbon|phone\u00bb admin_label=\u00bbHeader\u00bb module_class=\u00bbgradient-dark-alt\u00bb _builder_version=\u00bb4.16&#8243; background_color_gradient_direction=\u00bb130deg\u00bb parallax=\u00bbon\u00bb custom_padding=\u00bb3vw||1vw||false|false\u00bb custom_padding_tablet=\u00bb3vw||4vw||false\u00bb custom_padding_phone=\u00bb2vw||7vw||false\u00bb bottom_divider_style=\u00bbwave2&#8243; bottom_divider_color=\u00bb#FFFFFF\u00bb bottom_divider_height=\u00bb50px\u00bb bottom_divider_height_tablet=\u00bb50px\u00bb bottom_divider_height_phone=\u00bb50px\u00bb bottom_divider_height_last_edited=\u00bbon|desktop\u00bb saved_tabs=\u00bball\u00bb global_colors_info=\u00bb{}\u00bb][et_pb_row _builder_version=\u00bb4.16&#8243; custom_padding=\u00bb30px||44px||false|false\u00bb global_colors_info=\u00bb{}\u00bb][et_pb_column type=\u00bb4_4&#8243; _builder_version=\u00bb4.16&#8243; custom_padding=\u00bb|||\u00bb global_colors_info=\u00bb{}\u00bb custom_padding__hover=\u00bb|||\u00bb][et_pb_text module_class=\u00bbtopHeader\u00bb _builder_version=\u00bb4.16&#8243; text_line_height=\u00bb1.8em\u00bb header_line_height=\u00bb1.2em\u00bb header_3_text_color=\u00bb#ffffff\u00bb header_3_letter_spacing=\u00bb10px\u00bb header_3_line_height=\u00bb2em\u00bb background_layout=\u00bbdark\u00bb module_alignment=\u00bbcenter\u00bb text_font_size_tablet=\u00bb19px\u00bb text_font_size_phone=\u00bb15px\u00bb text_font_size_last_edited=\u00bbon|desktop\u00bb header_font_size_tablet=\u00bb44px\u00bb header_font_size_phone=\u00bb37px\u00bb header_font_size_last_edited=\u00bboff|desktop\u00bb header_3_font_size_tablet=\u00bb14px\u00bb header_3_font_size_phone=\u00bb12px\u00bb header_3_font_size_last_edited=\u00bboff|desktop\u00bb header_3_letter_spacing_tablet=\u00bb5px\u00bb header_3_letter_spacing_phone=\u00bb\u00bb header_3_letter_spacing_last_edited=\u00bbon|tablet\u00bb global_colors_info=\u00bb{}\u00bb]<\/p>\n<h1>Aprende con Soprano<\/h1>\n<p>Expertos en tecnolog\u00eda, comunicaci\u00f3n y marketing comparten sus conocimientos<\/p>\n<p>[\/et_pb_text][\/et_pb_column][\/et_pb_row][\/et_pb_section][et_pb_section fb_built=\u00bb1&#8243; custom_padding_last_edited=\u00bbon|desktop\u00bb admin_label=\u00bb Market Research\u00bb _builder_version=\u00bb4.16&#8243; background_color=\u00bb#FFFFFF\u00bb custom_margin=\u00bb|||||true\u00bb custom_margin_tablet=\u00bb\u00bb custom_margin_phone=\u00bb\u00bb custom_margin_last_edited=\u00bbon|phone\u00bb custom_padding=\u00bb4vw||6vw||false|false\u00bb custom_padding_tablet=\u00bb\u00bb custom_padding_phone=\u00bb||||true|false\u00bb top_divider_color=\u00bb#f9f9f9&#8243; top_divider_height=\u00bb500px\u00bb bottom_divider_style=\u00bbclouds\u00bb bottom_divider_color=\u00bb#fafafa\u00bb bottom_divider_height=\u00bb200px\u00bb saved_tabs=\u00bball\u00bb global_colors_info=\u00bb{}\u00bb][et_pb_row column_structure=\u00bb1_3,1_3,1_3&#8243; make_equal=\u00bbon\u00bb _builder_version=\u00bb4.18.0&#8243; width=\u00bb90%\u00bb max_width=\u00bb90%\u00bb custom_margin=\u00bb||\u00bb custom_padding=\u00bb0||0||false|true\u00bb hover_enabled=\u00bb0&#8243; use_custom_width=\u00bbon\u00bb width_unit=\u00bboff\u00bb custom_width_percent=\u00bb90%\u00bb global_colors_info=\u00bb{}\u00bb sticky_enabled=\u00bb0&#8243;][et_pb_column type=\u00bb1_3&#8243; module_class=\u00bbsoprano-box\u00bb _builder_version=\u00bb4.18.0&#8243; custom_padding=\u00bb|||\u00bb hover_enabled=\u00bb0&#8243; border_radii=\u00bbon|10px|10px|10px|10px\u00bb global_colors_info=\u00bb{}\u00bb custom_padding__hover=\u00bb|||\u00bb sticky_enabled=\u00bb0&#8243;][et_pb_blurb title=\u00bbCPaaS\u00bb url=\u00bbhttps:\/\/www.sopranodesign.com\/es\/learn\/plataforma-de-comunicaciones-como-servicio\/\u00bb image=\u00bbhttps:\/\/www.sopranodesign.com\/wp-content\/uploads\/2019\/11\/Icon_Workflow-Automation.png\u00bb alt=\u00bbIcon Workflow Automation\u00bb image_icon_width=\u00bb70px\u00bb content_max_width=\u00bb1100px\u00bb image_icon_width_tablet=\u00bb70px\u00bb image_icon_width_phone=\u00bb70px\u00bb image_icon_width_last_edited=\u00bbon|phone\u00bb module_class=\u00bbfeature\u00bb _builder_version=\u00bb4.18.0&#8243; header_level=\u00bbh3&#8243; header_font=\u00bb||||||||\u00bb body_font=\u00bb||||||||\u00bb background_enable_color=\u00bboff\u00bb text_orientation=\u00bbcenter\u00bb module_alignment=\u00bbleft\u00bb custom_margin=\u00bb|||\u00bb custom_padding=\u00bb30px|20px|30px|20px|false|true\u00bb custom_padding_last_edited=\u00bboff|desktop\u00bb animation=\u00bboff\u00bb link_option_url=\u00bbhttps:\/\/www.sopranodesign.com\/es\/learn\/plataforma-de-comunicaciones-como-servicio\/\u00bb hover_enabled=\u00bb0&#8243; header_font_size_phone=\u00bb18px\u00bb header_font_size_last_edited=\u00bboff|phone\u00bb body_font_size_phone=\u00bb14px\u00bb body_font_size_last_edited=\u00bboff|phone\u00bb border_radii=\u00bb|10px|10px|10px|10px\u00bb image_max_width=\u00bb70px\u00bb icon_font_size_tablet=\u00bb\u00bb icon_font_size_phone=\u00bb32px\u00bb icon_font_size_last_edited=\u00bbon|phone\u00bb global_colors_info=\u00bb{}\u00bb sticky_enabled=\u00bb0&#8243;]<\/p>\n<p>Descubre los elementos claves, conceptos y capacidades principales de una Plataforma de Comunicaci\u00f3n como Servicio (CPaaS) y aprende c\u00f3mo acelerar la transformaci\u00f3n digital de tu empresa.<\/p>\n<p>[\/et_pb_blurb][\/et_pb_column][et_pb_column type=\u00bb1_3&#8243; module_class=\u00bbsoprano-box\u00bb _builder_version=\u00bb4.16&#8243; custom_padding=\u00bb|||\u00bb global_colors_info=\u00bb{}\u00bb custom_padding__hover=\u00bb|||\u00bb][et_pb_blurb title=\u00bbMensajer\u00eda M\u00f3vil\u00bb url=\u00bbhttps:\/\/www.sopranodesign.com\/es\/learn\/soluciones-de-mensajeria-movil\/\u00bb image=\u00bbhttps:\/\/www.sopranodesign.com\/wp-content\/uploads\/2019\/11\/2.-Icon_Branding-Personalisation.png\u00bb alt=\u00bbIcon Workflow Automation\u00bb image_icon_width=\u00bb70px\u00bb content_max_width=\u00bb1100px\u00bb image_icon_width_tablet=\u00bb70px\u00bb image_icon_width_phone=\u00bb70px\u00bb image_icon_width_last_edited=\u00bbon|phone\u00bb module_class=\u00bbfeature\u00bb _builder_version=\u00bb4.17.0&#8243; header_level=\u00bbh3&#8243; header_font=\u00bb||||||||\u00bb body_font=\u00bb||||||||\u00bb background_enable_color=\u00bboff\u00bb text_orientation=\u00bbcenter\u00bb module_alignment=\u00bbleft\u00bb custom_margin=\u00bb|||\u00bb custom_padding=\u00bb30px|20px|30px|20px|false|true\u00bb custom_padding_last_edited=\u00bboff|desktop\u00bb animation=\u00bboff\u00bb link_option_url=\u00bbhttps:\/\/www.sopranodesign.com\/learn\/mobile-messaging\/\u00bb header_font_size_phone=\u00bb18px\u00bb header_font_size_last_edited=\u00bboff|phone\u00bb body_font_size_phone=\u00bb14px\u00bb body_font_size_last_edited=\u00bboff|phone\u00bb border_radii=\u00bb|10px|10px|10px|10px\u00bb image_max_width=\u00bb70px\u00bb icon_font_size_tablet=\u00bb\u00bb icon_font_size_phone=\u00bb32px\u00bb icon_font_size_last_edited=\u00bbon|phone\u00bb global_colors_info=\u00bb{}\u00bb]<\/p>\n<p>Explore sobre los principales canales de mensajer\u00eda m\u00f3vil como los SMS, email, WhatsApp y voz, y aprende c\u00f3mo puede usarlos en conjunto para atraer a sus clientes, empleados y ciudadanos.<\/p>\n<p>[\/et_pb_blurb][\/et_pb_column][et_pb_column type=\u00bb1_3&#8243; module_class=\u00bbsoprano-box\u00bb _builder_version=\u00bb4.16&#8243; custom_padding=\u00bb|||\u00bb global_colors_info=\u00bb{}\u00bb custom_padding__hover=\u00bb|||\u00bb][et_pb_blurb title=\u00bbSoluciones para empresas\u00bb url=\u00bbhttps:\/\/www.sopranodesign.com\/es\/learn\/soluciones-empresariales-para-cpaas\/\u00bb image=\u00bbhttps:\/\/www.sopranodesign.com\/wp-content\/uploads\/2020\/03\/Icon_Communication-Orchestration.png\u00bb alt=\u00bbIcon Workflow Automation\u00bb image_icon_width=\u00bb70px\u00bb content_max_width=\u00bb1100px\u00bb image_icon_width_tablet=\u00bb70px\u00bb image_icon_width_phone=\u00bb70px\u00bb image_icon_width_last_edited=\u00bbon|phone\u00bb module_class=\u00bbfeature\u00bb _builder_version=\u00bb4.17.0&#8243; header_level=\u00bbh3&#8243; header_font=\u00bb||||||||\u00bb body_font=\u00bb||||||||\u00bb background_enable_color=\u00bboff\u00bb text_orientation=\u00bbcenter\u00bb module_alignment=\u00bbleft\u00bb custom_margin=\u00bb|||\u00bb custom_padding=\u00bb30px|20px|30px|20px|false|true\u00bb custom_padding_last_edited=\u00bboff|desktop\u00bb animation=\u00bboff\u00bb link_option_url=\u00bbhttps:\/\/www.sopranodesign.com\/learn\/enterprise-solutions\/\u00bb header_font_size_phone=\u00bb18px\u00bb header_font_size_last_edited=\u00bboff|phone\u00bb body_font_size_phone=\u00bb14px\u00bb body_font_size_last_edited=\u00bboff|phone\u00bb border_radii=\u00bb|10px|10px|10px|10px\u00bb image_max_width=\u00bb70px\u00bb icon_font_size_tablet=\u00bb\u00bb icon_font_size_phone=\u00bb32px\u00bb icon_font_size_last_edited=\u00bbon|phone\u00bb global_colors_info=\u00bb{}\u00bb]<\/p>\n<p>Aprende sobre soluciones de comunicaci\u00f3n espec\u00edficas para cada industria y c\u00f3mo llevarlas adelante.<\/p>\n<p>[\/et_pb_blurb][\/et_pb_column][\/et_pb_row][\/et_pb_section]<\/p>\n","protected":false},"excerpt":{"rendered":"<p>Aprende con Soprano&#8230;<\/p>\n","protected":false},"author":57,"featured_media":0,"parent":0,"menu_order":0,"comment_status":"closed","ping_status":"closed","template":"","meta":{"_acf_changed":false,"_seopress_robots_primary_cat":"","_seopress_titles_title":"Recursos de Aprendizaje en Comunicaciones - Soprano Design","_seopress_titles_desc":"Descubra as \u00faltimas tend\u00eancias e insights do mercado de CPaaS. Saiba como o CPaaS pode transformar o seu neg\u00f3cio. Comece j\u00e1 a explorar!","_seopress_robots_index":"","_et_pb_use_builder":"on","_et_pb_old_content":"","_et_gb_content_width":"","content-type":"","inline_featured_image":false,"footnotes":""},"class_list":["post-450497","page","type-page","status-publish"],"acf":[],"featured_image_src":null,"featured_image_src_square":null,"_links":{"self":[{"href":"https:\/\/www.sopranodesign.com\/es\/wp-json\/wp\/v2\/pages\/450497","targetHints":{"allow":["GET"]}}],"collection":[{"href":"https:\/\/www.sopranodesign.com\/es\/wp-json\/wp\/v2\/pages"}],"about":[{"href":"https:\/\/www.sopranodesign.com\/es\/wp-json\/wp\/v2\/types\/page"}],"author":[{"embeddable":true,"href":"https:\/\/www.sopranodesign.com\/es\/wp-json\/wp\/v2\/users\/57"}],"replies":[{"embeddable":true,"href":"https:\/\/www.sopranodesign.com\/es\/wp-json\/wp\/v2\/comments?post=450497"}],"version-history":[{"count":0,"href":"https:\/\/www.sopranodesign.com\/es\/wp-json\/wp\/v2\/pages\/450497\/revisions"}],"wp:attachment":[{"href":"https:\/\/www.sopranodesign.com\/es\/wp-json\/wp\/v2\/media?parent=450497"}],"curies":[{"name":"wp","href":"https:\/\/api.w.org\/{rel}","templated":true}]}}