{"id":227588,"date":"2019-06-18T19:49:43","date_gmt":"2019-06-18T19:49:43","guid":{"rendered":"https:\/\/heavenly-structure.flywheelsites.com\/contato\/"},"modified":"2025-01-07T22:18:35","modified_gmt":"2025-01-07T11:18:35","slug":"contato","status":"publish","type":"page","link":"https:\/\/www.sopranodesign.com\/pt-br\/contato\/","title":{"rendered":"Contato"},"content":{"rendered":"<p>[et_pb_section fb_built=&#8221;1&#8243; custom_padding_last_edited=&#8221;on|phone&#8221; admin_label=&#8221;Header&#8221; module_class=&#8221;gradient-dark-alt&#8221; _builder_version=&#8221;3.22.3&#8243; background_color_gradient_direction=&#8221;130deg&#8221; parallax=&#8221;on&#8221; custom_padding=&#8221;3vw||6vw||false|false&#8221; custom_padding_tablet=&#8221;3vw||4vw||false&#8221; custom_padding_phone=&#8221;2vw||7vw||false&#8221; bottom_divider_style=&#8221;wave2&#8243; bottom_divider_color=&#8221;#FFFFFF&#8221; bottom_divider_height=&#8221;50px&#8221; bottom_divider_height_tablet=&#8221;50px&#8221; bottom_divider_height_phone=&#8221;50px&#8221; bottom_divider_height_last_edited=&#8221;on|desktop&#8221; saved_tabs=&#8221;all&#8221; global_colors_info=&#8221;{}&#8221;][et_pb_row _builder_version=&#8221;3.25&#8243; custom_padding=&#8221;30px|0px|44px|0px|false|false&#8221; global_colors_info=&#8221;{}&#8221;][et_pb_column type=&#8221;4_4&#8243; _builder_version=&#8221;3.25&#8243; custom_padding=&#8221;|||&#8221; global_colors_info=&#8221;{}&#8221; custom_padding__hover=&#8221;|||&#8221;][et_pb_text module_class=&#8221;topHeader&#8221; _builder_version=&#8221;4.14.7&#8243; text_font=&#8221;||||||||&#8221; text_line_height=&#8221;1.8em&#8221; header_font=&#8221;||||||||&#8221; header_line_height=&#8221;1.2em&#8221; header_3_font=&#8221;||||||||&#8221; header_3_text_color=&#8221;#ffffff&#8221; header_3_letter_spacing=&#8221;10px&#8221; header_3_line_height=&#8221;2em&#8221; background_layout=&#8221;dark&#8221; module_alignment=&#8221;center&#8221; text_font_size_tablet=&#8221;19px&#8221; text_font_size_phone=&#8221;15px&#8221; text_font_size_last_edited=&#8221;on|desktop&#8221; header_font_size_tablet=&#8221;44px&#8221; header_font_size_phone=&#8221;37px&#8221; header_font_size_last_edited=&#8221;off|desktop&#8221; header_3_font_size_tablet=&#8221;14px&#8221; header_3_font_size_phone=&#8221;12px&#8221; header_3_font_size_last_edited=&#8221;off|desktop&#8221; header_3_letter_spacing_tablet=&#8221;5px&#8221; header_3_letter_spacing_phone=&#8221;&#8221; header_3_letter_spacing_last_edited=&#8221;on|tablet&#8221; global_colors_info=&#8221;{}&#8221;]<\/p>\n<h1>Gostar\u00edamos Muito De Ouvir De Voc\u00ea<\/h1>\n<p>[\/et_pb_text][\/et_pb_column][\/et_pb_row][\/et_pb_section][et_pb_section fb_built=&#8221;1&#8243; admin_label=&#8221;Contact&#8221; _builder_version=&#8221;3.22.3&#8243; custom_padding=&#8221;80px||80px||true|false&#8221; bottom_divider_color=&#8221;#FFFFFF&#8221; saved_tabs=&#8221;all&#8221; global_colors_info=&#8221;{}&#8221;][et_pb_row column_structure=&#8221;3_5,2_5&#8243; _builder_version=&#8221;4.14.7&#8243; custom_padding=&#8221;|||&#8221; use_custom_width=&#8221;on&#8221; width_unit=&#8221;off&#8221; custom_width_percent=&#8221;96%&#8221; global_colors_info=&#8221;{}&#8221;][et_pb_column type=&#8221;3_5&#8243; _builder_version=&#8221;3.25&#8243; custom_padding=&#8221;|||&#8221; global_colors_info=&#8221;{}&#8221; custom_padding__hover=&#8221;|||&#8221;][et_pb_text _builder_version=&#8221;4.14.7&#8243; global_colors_info=&#8221;{}&#8221;]<\/p>\n<h2>Enviar uma mensagem<\/h2>\n<p>Quer voc\u00ea tenha d\u00favidas sobre um produto espec\u00edfico ou esteja pronto para come\u00e7ar, estamos aqui para ajudar. Envie-nos uma mensagem atrav\u00e9s do formul\u00e1rio abaixo e responderemos rapidamente.<\/p>\n<p>[\/et_pb_text][et_pb_code _builder_version=&#8221;4.14.7&#8243; hover_enabled=&#8221;0&#8243; global_colors_info=&#8221;{}&#8221; sticky_enabled=&#8221;0&#8243;]<!-- [if lte IE 8]><!-- [et_pb_line_break_holder] --><script charset=\"utf-8\" type=\"text\/javascript\" src=\"\/\/js.hsforms.net\/forms\/v2-legacy.js\"><\/script><!-- [et_pb_line_break_holder] -->&lt;![endif]&#8211;&gt;<!-- [et_pb_line_break_holder] --><script charset=\"utf-8\" type=\"text\/javascript\" src=\"\/\/js.hsforms.net\/forms\/v2.js\"><\/script><!-- [et_pb_line_break_holder] --><script><!-- [et_pb_line_break_holder] -->  hbspt.forms.create({<!-- [et_pb_line_break_holder] -->\tregion: \"na1\",<!-- [et_pb_line_break_holder] -->\tportalId: \"4995202\",<!-- [et_pb_line_break_holder] -->  cssClass: 'ppc-form',<!-- [et_pb_line_break_holder] -->\tformId: \"42a4eec3-d926-498a-a8f8-66755cac7472\"<!-- [et_pb_line_break_holder] -->});<!-- [et_pb_line_break_holder] --><\/script>[\/et_pb_code][\/et_pb_column][et_pb_column type=&#8221;2_5&#8243; _builder_version=&#8221;3.25&#8243; custom_padding=&#8221;|||&#8221; global_colors_info=&#8221;{}&#8221; custom_padding__hover=&#8221;|||&#8221;][et_pb_blurb title=&#8221;Acesso \u00e0 conta&#8221; image=&#8221;https:\/\/www.sopranodesign.com\/wp-content\/uploads\/2019\/05\/Icon_Account-Access.png&#8221; alt=&#8221;Account Access Soprano&#8221; _builder_version=&#8221;4.14.7&#8243; header_level=&#8221;h2&#8243; header_font=&#8221;||||||||&#8221; header_line_height=&#8221;1.7em&#8221; body_font=&#8221;||||||||&#8221; body_line_height=&#8221;1.8em&#8221; background_color=&#8221;#ffffff&#8221; text_orientation=&#8221;center&#8221; module_alignment=&#8221;left&#8221; custom_margin=&#8221;||20px|&#8221; custom_padding=&#8221;30px|20px|40px|20px|false|true&#8221; custom_padding_tablet=&#8221;&#8221; custom_padding_phone=&#8221;&#8221; custom_padding_last_edited=&#8221;on|phone&#8221; animation_style=&#8221;zoom&#8221; animation_intensity_zoom=&#8221;8%&#8221; animation=&#8221;off&#8221; border_radii=&#8221;on|10px|10px|10px|10px&#8221; box_shadow_style=&#8221;preset1&#8243; box_shadow_blur=&#8221;70px&#8221; box_shadow_color=&#8221;rgba(110,130,208,0.18)&#8221; locked=&#8221;off&#8221; global_colors_info=&#8221;{}&#8221;]<\/p>\n<p>Acesse sua conta, visualize os recursos de sua operadora ou envie outras consultas<\/p>\n<p><a id=\"homeHeroButton\" class=\"et_pb_button et_pb_button_0 btn-primary et_hover_enabled et_pb_bg_layout_dark\" href=\"https:\/\/www.sopranodesign.com\/login\/\">Acesso \u00c0 Conta<\/a><\/p>\n<p>[\/et_pb_blurb][et_pb_blurb title=&#8221;Escrit\u00f3rios Globais&#8221; image=&#8221;https:\/\/www.sopranodesign.com\/wp-content\/uploads\/2019\/05\/Icon_Global-Offices.png&#8221; alt=&#8221;Soprano Global Locations&#8221; _builder_version=&#8221;4.14.7&#8243; header_level=&#8221;h2&#8243; header_font=&#8221;||||||||&#8221; body_font=&#8221;||||||||&#8221; body_line_height=&#8221;1.8em&#8221; background_color=&#8221;#ffffff&#8221; text_orientation=&#8221;center&#8221; module_alignment=&#8221;left&#8221; custom_margin=&#8221;||0px|&#8221; custom_padding=&#8221;30px|20px|40px|20px|false|true&#8221; custom_padding_tablet=&#8221;&#8221; custom_padding_phone=&#8221;&#8221; custom_padding_last_edited=&#8221;on|phone&#8221; animation_style=&#8221;zoom&#8221; animation_intensity_zoom=&#8221;8%&#8221; animation=&#8221;off&#8221; border_radii=&#8221;on|10px|10px|10px|10px&#8221; box_shadow_style=&#8221;preset1&#8243; box_shadow_blur=&#8221;70px&#8221; box_shadow_color=&#8221;rgba(110,130,208,0.18)&#8221; locked=&#8221;off&#8221; global_colors_info=&#8221;{}&#8221;]<\/p>\n<p>Escrit\u00f3rios regionais em todo o mundo perto de voc\u00ea:<br \/>\nEuropa, Am\u00e9rica do Norte, Am\u00e9rica do Sul, \u00c1sia, Austr\u00e1lia e Nova Zel\u00e2ndia<\/p>\n<p><strong>Headquarters<\/strong>: Level 15, 132 Arthur St North Sydney NSW 2060 Australia<\/p>\n<p>[\/et_pb_blurb][\/et_pb_column][\/et_pb_row][\/et_pb_section]<\/p>\n","protected":false},"excerpt":{"rendered":"<p>Gostar\u00edamos Muito De&#8230;<\/p>\n","protected":false},"author":57,"featured_media":0,"parent":0,"menu_order":0,"comment_status":"closed","ping_status":"closed","template":"","meta":{"_acf_changed":false,"_seopress_robots_primary_cat":"","_seopress_titles_title":"Contacte o Soprano Design | Entre em contacto hoje mesmo","_seopress_titles_desc":"Entre em contato para saber mais sobre nossa plataforma de comunica\u00e7\u00f5es CPaaS! Solu\u00e7\u00f5es de mensagens m\u00f3veis corporativas escal\u00e1veis \u200b\u200be facilmente integradas","_seopress_robots_index":"","_et_pb_use_builder":"on","_et_pb_old_content":"","_et_gb_content_width":"","content-type":"","inline_featured_image":false,"footnotes":""},"class_list":["post-227588","page","type-page","status-publish"],"acf":[],"featured_image_src":null,"featured_image_src_square":null,"_links":{"self":[{"href":"https:\/\/www.sopranodesign.com\/pt-br\/wp-json\/wp\/v2\/pages\/227588","targetHints":{"allow":["GET"]}}],"collection":[{"href":"https:\/\/www.sopranodesign.com\/pt-br\/wp-json\/wp\/v2\/pages"}],"about":[{"href":"https:\/\/www.sopranodesign.com\/pt-br\/wp-json\/wp\/v2\/types\/page"}],"author":[{"embeddable":true,"href":"https:\/\/www.sopranodesign.com\/pt-br\/wp-json\/wp\/v2\/users\/57"}],"replies":[{"embeddable":true,"href":"https:\/\/www.sopranodesign.com\/pt-br\/wp-json\/wp\/v2\/comments?post=227588"}],"version-history":[{"count":0,"href":"https:\/\/www.sopranodesign.com\/pt-br\/wp-json\/wp\/v2\/pages\/227588\/revisions"}],"wp:attachment":[{"href":"https:\/\/www.sopranodesign.com\/pt-br\/wp-json\/wp\/v2\/media?parent=227588"}],"curies":[{"name":"wp","href":"https:\/\/api.w.org\/{rel}","templated":true}]}}