{"id":347768,"date":"2020-10-13T08:09:31","date_gmt":"2020-10-13T08:09:31","guid":{"rendered":"https:\/\/heavenly-structure.flywheelsites.com\/white-papers-playbooks\/"},"modified":"2025-01-07T21:14:57","modified_gmt":"2025-01-07T10:14:57","slug":"white-papers-playbooks","status":"publish","type":"page","link":"https:\/\/www.sopranodesign.com\/pt-br\/white-papers\/","title":{"rendered":"White Papers &amp; Playbooks"},"content":{"rendered":"<p>[et_pb_section fb_built=&#8221;1&#8243; custom_padding_last_edited=&#8221;on|phone&#8221; admin_label=&#8221;Header&#8221; module_class=&#8221;gradient-dark-alt&#8221; _builder_version=&#8221;4.16&#8243; background_color_gradient_direction=&#8221;130deg&#8221; parallax=&#8221;on&#8221; custom_padding=&#8221;3vw||1vw||false|false&#8221; custom_padding_tablet=&#8221;3vw||4vw||false&#8221; custom_padding_phone=&#8221;2vw||7vw||false&#8221; bottom_divider_style=&#8221;wave2&#8243; bottom_divider_color=&#8221;#FFFFFF&#8221; bottom_divider_height=&#8221;50px&#8221; bottom_divider_height_tablet=&#8221;50px&#8221; bottom_divider_height_phone=&#8221;50px&#8221; bottom_divider_height_last_edited=&#8221;on|desktop&#8221; saved_tabs=&#8221;all&#8221; global_colors_info=&#8221;{}&#8221;][et_pb_row _builder_version=&#8221;4.16&#8243; custom_padding=&#8221;30px|0px|44px|0px|false|false&#8221; global_colors_info=&#8221;{}&#8221;][et_pb_column type=&#8221;4_4&#8243; _builder_version=&#8221;4.16&#8243; custom_padding=&#8221;|||&#8221; global_colors_info=&#8221;{}&#8221; custom_padding__hover=&#8221;|||&#8221;][et_pb_text module_class=&#8221;topHeader&#8221; _builder_version=&#8221;4.16&#8243; text_line_height=&#8221;1.8em&#8221; header_line_height=&#8221;1.2em&#8221; header_3_text_color=&#8221;#ffffff&#8221; header_3_letter_spacing=&#8221;10px&#8221; header_3_line_height=&#8221;2em&#8221; background_layout=&#8221;dark&#8221; module_alignment=&#8221;center&#8221; text_font_size_tablet=&#8221;19px&#8221; text_font_size_phone=&#8221;15px&#8221; text_font_size_last_edited=&#8221;on|desktop&#8221; header_font_size_tablet=&#8221;44px&#8221; header_font_size_phone=&#8221;37px&#8221; header_font_size_last_edited=&#8221;off|desktop&#8221; header_3_font_size_tablet=&#8221;14px&#8221; header_3_font_size_phone=&#8221;12px&#8221; header_3_font_size_last_edited=&#8221;off|desktop&#8221; header_3_letter_spacing_tablet=&#8221;5px&#8221; header_3_letter_spacing_phone=&#8221;&#8221; header_3_letter_spacing_last_edited=&#8221;on|tablet&#8221; global_colors_info=&#8221;{}&#8221;]<\/p>\n<h1>White Papers<\/h1>\n<p>Transforme sua mensagem<\/p>\n<p>[\/et_pb_text][\/et_pb_column][\/et_pb_row][\/et_pb_section][et_pb_section fb_built=&#8221;1&#8243; custom_padding_last_edited=&#8221;on|tablet&#8221; _builder_version=&#8221;4.16&#8243; custom_padding=&#8221;1vw||1vw||true|true&#8221; custom_padding_tablet=&#8221;||6vw&#8221; custom_padding_phone=&#8221;&#8221; bottom_divider_color=&#8221;#f9f9f9&#8243; bottom_divider_height=&#8221;191px&#8221; bottom_divider_repeat=&#8221;0.6x&#8221; bottom_divider_height_tablet=&#8221;220px&#8221; bottom_divider_height_phone=&#8221;160px&#8221; bottom_divider_height_last_edited=&#8221;on|phone&#8221; locked=&#8221;off&#8221; global_colors_info=&#8221;{}&#8221;][et_pb_row column_structure=&#8221;1_3,1_3,1_3&#8243; _builder_version=&#8221;4.19.4&#8243; global_colors_info=&#8221;{}&#8221;][et_pb_column type=&#8221;1_3&#8243; _builder_version=&#8221;4.16&#8243; global_colors_info=&#8221;{}&#8221;][et_pb_blurb title=&#8221;Guia de Comunica\u00e7\u00e3o Omnicanal para o Varejo&#8221; url=&#8221;https:\/\/www.sopranodesign.com\/pt-br\/resource\/como-as-estrategias-de-venda-omnicanal-impulsionam-experiencias-de-cliente-sem-costuras\/&#8221; image=&#8221;https:\/\/www.sopranodesign.com\/wp-content\/uploads\/2023\/08\/Guide_Como-as-Estrategias-Omnicanais-no-Varejo_PT.jpg&#8221; alt=&#8221;guide como as estrat\u00e9gias omnicanais no varejo pt&#8221; content_max_width=&#8221;350px&#8221; module_class=&#8221;whitepaper-item&#8221; _builder_version=&#8221;4.22.1&#8243; custom_padding=&#8221;50px|50px|50px|50px&#8221; link_option_url=&#8221;https:\/\/www.sopranodesign.com\/pt-br\/resource\/como-as-estrategias-de-venda-omnicanal-impulsionam-experiencias-de-cliente-sem-costuras\/&#8221; hover_enabled=&#8221;0&#8243; global_colors_info=&#8221;{}&#8221; sticky_enabled=&#8221;0&#8243; title_text=&#8221;guide como as estrat\u00e9gias omnicanais no varejo pt&#8221; url_new_window=&#8221;on&#8221; link_option_url_new_window=&#8221;on&#8221;]<\/p>\n<p>Baixe nosso guia sobre a ind\u00fastria do varejo para descobrir como as estrat\u00e9gias de venda omnicanal impulsionam experi\u00eancias de cliente sem falhas.<\/p>\n<p>&nbsp;<\/p>\n<p>[\/et_pb_blurb][et_pb_blurb title=&#8221;Manual Completo sobre Comunica\u00e7\u00e3o Omnicanal&#8221; url=&#8221;https:\/\/www.sopranodesign.com\/pt-br\/resource\/manual-sobre-omnicanalidade-navegando-por-cpaas-ia-conversacional-e-alem\/&#8221; image=&#8221;https:\/\/www.sopranodesign.com\/wp-content\/uploads\/2023\/08\/Reference-Guide_Manual-Definitivo-sobre-Comunicacao-Omnichannel_PT.jpg&#8221; alt=&#8221;reference guide manual definitivo sobre comunica\u00e7\u00e3o omnichannel pt&#8221; content_max_width=&#8221;350px&#8221; module_class=&#8221;whitepaper-item&#8221; _builder_version=&#8221;4.22.1&#8243; custom_padding=&#8221;50px|50px|50px|50px&#8221; link_option_url=&#8221;https:\/\/www.sopranodesign.com\/pt-br\/resource\/manual-sobre-omnicanalidade-navegando-por-cpaas-ia-conversacional-e-alem\/&#8221; hover_enabled=&#8221;0&#8243; global_colors_info=&#8221;{}&#8221; sticky_enabled=&#8221;0&#8243; title_text=&#8221;reference guide manual definitivo sobre comunica\u00e7\u00e3o omnichannel pt&#8221; url_new_window=&#8221;on&#8221; link_option_url_new_window=&#8221;on&#8221;]<\/p>\n<p>Baixe nosso manual sobre omnicanalidade para aprender como potencializ\u00e1-la com CPaaS, IA Conversacional e mais.<br \/>\n[\/et_pb_blurb][et_pb_blurb title=&#8221;Guia sobre o Poder do WhatsApp Business na Comunica\u00e7\u00e3o Omnicanal&#8221; url=&#8221;https:\/\/www.sopranodesign.com\/pt-br\/resource\/como-aproveitar-o-whatsapp-business-api-para-uma-estrategia-de-negocios-omnicanal\/&#8221; image=&#8221;https:\/\/www.sopranodesign.com\/wp-content\/uploads\/2023\/08\/Guide_Vantagens-de-utilizar-a-API-do-WhatsApp-Business_PT-1.png&#8221; alt=&#8221;guide vantagens de utilizar a api do whatsapp business pt&#8221; content_max_width=&#8221;350px&#8221; module_class=&#8221;whitepaper-item&#8221; _builder_version=&#8221;4.22.1&#8243; custom_padding=&#8221;50px|50px|50px|50px&#8221; link_option_url=&#8221;https:\/\/www.sopranodesign.com\/pt-br\/resource\/como-aproveitar-o-whatsapp-business-api-para-uma-estrategia-de-negocios-omnicanal\/&#8221; hover_enabled=&#8221;0&#8243; global_colors_info=&#8221;{}&#8221; sticky_enabled=&#8221;0&#8243; title_text=&#8221;guide vantagens de utilizar a api do whatsapp business pt&#8221; url_new_window=&#8221;on&#8221; link_option_url_new_window=&#8221;on&#8221;]<\/p>\n<p>Baixe nosso guia sobre o WhatsApp para aprender a aprimorar a comunica\u00e7\u00e3o com o cliente, agilizar as opera\u00e7\u00f5es e proporcionar uma experi\u00eancia omnicanal sem interrup\u00e7\u00f5es.<\/p>\n<p>[\/et_pb_blurb][et_pb_blurb title=&#8221;Proteja Sua Empresa Contra Fraudes M\u00f3veis&#8221; url=&#8221;https:\/\/www.sopranodesign.com\/pt-br\/resource\/proteja-sua-empresa-contra-fraudes-moveis\/&#8221; image=&#8221;https:\/\/www.sopranodesign.com\/wp-content\/uploads\/2023\/02\/Whitepaper-MobileFraud_PT.jpg&#8221; alt=&#8221;whitepaper mobilefraud pt&#8221; content_max_width=&#8221;350px&#8221; module_class=&#8221;whitepaper-item&#8221; _builder_version=&#8221;4.19.5&#8243; custom_padding=&#8221;50px|50px|50px|50px&#8221; link_option_url=&#8221;https:\/\/www.sopranodesign.com\/pt-br\/resource\/proteja-sua-empresa-contra-fraudes-moveis\/&#8221; global_colors_info=&#8221;{}&#8221;]<\/p>\n<p>Este white paper explora a evolu\u00e7\u00e3o da fraude m\u00f3vel e como as empresas podem se proteger proativamente de diferentes tipos de fraude m\u00f3vel.<\/p>\n<p>&nbsp;<\/p>\n<p>[\/et_pb_blurb][\/et_pb_column][et_pb_column type=&#8221;1_3&#8243; _builder_version=&#8221;4.16&#8243; global_colors_info=&#8221;{}&#8221;][et_pb_blurb title=&#8221;Guia sobre Comunica\u00e7\u00e3o Omnicanal em Finan\u00e7as&#8221; url=&#8221;https:\/\/www.sopranodesign.com\/pt-br\/resource\/como-as-estrategias-omnicanais-estao-transformando-o-engajamento-do-cliente-no-setor-financeiro\/&#8221; image=&#8221;https:\/\/www.sopranodesign.com\/wp-content\/uploads\/2023\/08\/Guide_Estrategias-Omnicanais-no-Setor-Financeiro_PT.png&#8221; alt=&#8221;whitepaper mobilefraud pt&#8221; content_max_width=&#8221;350px&#8221; module_class=&#8221;whitepaper-item&#8221; _builder_version=&#8221;4.22.1&#8243; custom_padding=&#8221;50px|50px|50px|50px&#8221; link_option_url=&#8221;https:\/\/www.sopranodesign.com\/pt-br\/resource\/como-as-estrategias-omnicanais-estao-transformando-o-engajamento-do-cliente-no-setor-financeiro\/&#8221; hover_enabled=&#8221;0&#8243; global_colors_info=&#8221;{}&#8221; sticky_enabled=&#8221;0&#8243; title_text=&#8221;Guide_Estrat\u00e9gias Omnicanais no Setor Financeiro_PT&#8221; url_new_window=&#8221;on&#8221; link_option_url_new_window=&#8221;on&#8221;]<\/p>\n<p>Baixe nosso guia para descobrir como as estrat\u00e9gias omnicanais est\u00e3o transformando o engajamento do cliente no setor financeiro.<\/p>\n<p>&nbsp;<\/p>\n<p>[\/et_pb_blurb][et_pb_blurb title=&#8221;Revolucionando a Experi\u00eancia do Cliente com Comunica\u00e7\u00e3o Omnicanal&#8221; url=&#8221;https:\/\/www.sopranodesign.com\/pt-br\/resource\/revolucionando-a-experiencia-do-cliente-com-mensagens-omnicanais\/&#8221; image=&#8221;https:\/\/www.sopranodesign.com\/wp-content\/uploads\/2023\/08\/Whitepaper-Revolucionando-a-Experiencia-do-Cliente-com-Comunicacao-Omnicanal_PT.png&#8221; alt=&#8221;whitepaper mobilefraud pt&#8221; content_max_width=&#8221;350px&#8221; module_class=&#8221;whitepaper-item&#8221; _builder_version=&#8221;4.22.1&#8243; custom_padding=&#8221;50px|50px|50px|50px&#8221; link_option_url=&#8221;https:\/\/www.sopranodesign.com\/pt-br\/resource\/revolucionando-a-experiencia-do-cliente-com-mensagens-omnicanais\/&#8221; hover_enabled=&#8221;0&#8243; global_colors_info=&#8221;{}&#8221; sticky_enabled=&#8221;0&#8243; title_text=&#8221;Whitepaper &#8211; Revolucionando a Experi\u00eancia do Cliente com Comunica\u00e7\u00e3o Omnicanal_PT&#8221; url_new_window=&#8221;on&#8221; link_option_url_new_window=&#8221;on&#8221;]<\/p>\n<p>Neste whitepaper, mergulhamos no mundo da comunica\u00e7\u00e3o omnicanal, com foco espec\u00edfico em SMS e API do WhatsApp Business.<br \/>\n[\/et_pb_blurb][et_pb_blurb title=&#8221;Manual Da API Do WhatsApp Para Neg\u00f3cios&#8221; url=&#8221;https:\/\/www.sopranodesign.com\/pt-br\/resource\/manual-da-api-do-whatsapp-para-negocios\/&#8221; image=&#8221;https:\/\/www.sopranodesign.com\/wp-content\/uploads\/2023\/01\/manual-whatsapp-business-api.jpg&#8221; alt=&#8221;manual whatsapp business api&#8221; content_max_width=&#8221;350px&#8221; module_class=&#8221;whitepaper-item&#8221; _builder_version=&#8221;4.19.4&#8243; custom_padding=&#8221;50px|50px|50px|50px&#8221; link_option_url=&#8221;https:\/\/www.sopranodesign.com\/pt-br\/resource\/manual-da-api-do-whatsapp-para-negocios\/&#8221; global_colors_info=&#8221;{}&#8221;]<\/p>\n<p>Baixe agora nosso Playbook para descobrir como o WhatsApp est\u00e1 revolucionando a comunica\u00e7\u00e3o empresarial.<\/p>\n<p>&nbsp;<\/p>\n<p>[\/et_pb_blurb][\/et_pb_column][et_pb_column type=&#8221;1_3&#8243; _builder_version=&#8221;4.16&#8243; global_colors_info=&#8221;{}&#8221;][et_pb_blurb title=&#8221;Guia de Comunica\u00e7\u00e3o Omnicanal para o Setor de Sa\u00fade&#8221; url=&#8221;https:\/\/www.sopranodesign.com\/pt-br\/resource\/como-os-provedores-de-saude-melhoram-os-resultados-dos-pacientes-com-estrategias-omnicanal\/&#8221; image=&#8221;https:\/\/www.sopranodesign.com\/wp-content\/uploads\/2023\/08\/Guide_Como-o-setor-de-Saude-esta-melhorando-os_PT.jpg&#8221; alt=&#8221;guide como o setor de sa\u00fade est\u00e1 melhorando os pt&#8221; content_max_width=&#8221;350px&#8221; module_class=&#8221;whitepaper-item&#8221; _builder_version=&#8221;4.22.1&#8243; custom_padding=&#8221;50px|50px|50px|50px&#8221; link_option_url=&#8221;https:\/\/www.sopranodesign.com\/pt-br\/resource\/como-os-provedores-de-saude-melhoram-os-resultados-dos-pacientes-com-estrategias-omnicanal\/&#8221; hover_enabled=&#8221;0&#8243; global_colors_info=&#8221;{}&#8221; sticky_enabled=&#8221;0&#8243; title_text=&#8221;guide como o setor de sa\u00fade est\u00e1 melhorando os pt&#8221; url_new_window=&#8221;on&#8221; link_option_url_new_window=&#8221;on&#8221;]<\/p>\n<p>Baixe nosso guia para descobrir como os provedores de sa\u00fade est\u00e3o aprimorando o atendimento aos pacientes com comunica\u00e7\u00e3o omnicanal.<br \/>\n[\/et_pb_blurb][et_pb_blurb title=&#8221;Guia sobre o Poder dos SMS na Comunica\u00e7\u00e3o Omnicanal&#8221; url=&#8221;https:\/\/www.sopranodesign.com\/pt-br\/resource\/como-o-sms-pode-ajudar-a-criar-uma-experiencia-omnicanal-sem-interrupcoes\/&#8221; image=&#8221;https:\/\/www.sopranodesign.com\/wp-content\/uploads\/2023\/08\/Guide_Como-Potencializar-sua-Estrategia-Omnicanal-com-SMS_PT.png&#8221; alt=&#8221;guide como o setor de sa\u00fade est\u00e1 melhorando os pt&#8221; content_max_width=&#8221;350px&#8221; module_class=&#8221;whitepaper-item&#8221; _builder_version=&#8221;4.22.1&#8243; custom_padding=&#8221;50px|50px|50px|50px&#8221; link_option_url=&#8221;https:\/\/www.sopranodesign.com\/pt-br\/resource\/como-o-sms-pode-ajudar-a-criar-uma-experiencia-omnicanal-sem-interrupcoes\/&#8221; hover_enabled=&#8221;0&#8243; global_colors_info=&#8221;{}&#8221; sticky_enabled=&#8221;0&#8243; title_text=&#8221;Guide_Como Potencializar sua Estrat\u00e9gia Omnicanal com SMS_PT&#8221; url_new_window=&#8221;on&#8221; link_option_url_new_window=&#8221;on&#8221;]<\/p>\n<p>Baixe nosso guia sobre SMS para descobrir por que esse canal \u00e9 fundamental para aprimorar o engajamento do cliente, aumentar a fidelidade e alcan\u00e7ar o sucesso empresarial.<\/p>\n<p>[\/et_pb_blurb][et_pb_blurb title=&#8221;Como impulsionar a jornada do cliente por meio de canais m\u00f3veis&#8221; url=&#8221;https:\/\/www.sopranodesign.com\/pt-br\/resource\/como-impulsionar-a-jornada-do-cliente-por-meio-de-canais-moveis\/&#8221; image=&#8221;https:\/\/www.sopranodesign.com\/wp-content\/uploads\/2023\/02\/Playbook_Customer-Journey_PT_2023.jpg&#8221; alt=&#8221;playbook customer journey pt 2023&#8243; content_max_width=&#8221;350px&#8221; module_class=&#8221;whitepaper-item&#8221; _builder_version=&#8221;4.19.4&#8243; custom_padding=&#8221;50px|50px|50px|50px&#8221; link_option_url=&#8221;https:\/\/www.sopranodesign.com\/pt-br\/resource\/como-impulsionar-a-jornada-do-cliente-por-meio-de-canais-moveis\/&#8221; global_colors_info=&#8221;{}&#8221;]<\/p>\n<p>Descubra neste Playbook um dos pontos fundamentais para uma experi\u00eancia do cliente eficaz que o ajudar\u00e1 a se diferenciar de seus concorrentes.<\/p>\n<p>&nbsp;<\/p>\n<p>[\/et_pb_blurb][\/et_pb_column][\/et_pb_row][et_pb_row column_structure=&#8221;1_3,1_3,1_3&#8243; _builder_version=&#8221;4.16&#8243; global_colors_info=&#8221;{}&#8221;][et_pb_column type=&#8221;1_3&#8243; _builder_version=&#8221;4.16&#8243; global_colors_info=&#8221;{}&#8221;][et_pb_blurb title=&#8221;Como Assumir O Controle Da Experi\u00eancia Do Cliente No Varejo?&#8221; url=&#8221;https:\/\/www.sopranodesign.com\/pt-br\/resource\/como-assumir-o-controle-total-da-experiencia-do-cliente-no-varejo\/&#8221; image=&#8221;https:\/\/www.sopranodesign.com\/wp-content\/uploads\/2022\/12\/como-assumir-o-controle-da-experiencia-do-cliente-varejo-min.jpg&#8221; alt=&#8221;como assumir o controle da experiencia do cliente varejo min&#8221; content_max_width=&#8221;350px&#8221; module_class=&#8221;whitepaper-item&#8221; _builder_version=&#8221;4.19.0&#8243; custom_padding=&#8221;50px|50px|50px|50px&#8221; link_option_url=&#8221;https:\/\/www.sopranodesign.com\/pt-br\/resource\/como-assumir-o-controle-total-da-experiencia-do-cliente-no-varejo\/&#8221; global_colors_info=&#8221;{}&#8221;]<\/p>\n<p>Baixe nosso WhitePaper agora para come\u00e7ar a se diferenciar de seus concorrentes e construir uma forte conex\u00e3o com seus clientes.<\/p>\n<p>[\/et_pb_blurb][\/et_pb_column][et_pb_column type=&#8221;1_3&#8243; _builder_version=&#8221;4.16&#8243; global_colors_info=&#8221;{}&#8221;][et_pb_blurb title=&#8221;10 dicas para criar um caso de neg\u00f3cio eficiente para CPaaS&#8221; url=&#8221;https:\/\/www.sopranodesign.com\/pt-br\/resource\/10-dicas-para-criar-um-caso-de-negocio-eficiente-para-cpaas\/&#8221; image=&#8221;https:\/\/www.sopranodesign.com\/wp-content\/uploads\/2020\/10\/Playbook_EffectiveBusinessCase-vPOR-1-01-min.jpg&#8221; alt=&#8221;10 dicas para criar um caso de neg\u00f3cio eficiente para CPaaS&#8221; content_max_width=&#8221;350px&#8221; module_class=&#8221;whitepaper-item&#8221; _builder_version=&#8221;4.16&#8243; custom_padding=&#8221;50px|50px|50px|50px&#8221; link_option_url=&#8221;https:\/\/www.sopranodesign.com\/pt-br\/resource\/10-dicas-para-criar-um-caso-de-negocio-eficiente-para-cpaas\/&#8221; global_colors_info=&#8221;{}&#8221;]<\/p>\n<p>Manual estrat\u00e9gico para cria\u00e7\u00e3o de propostas de casos de neg\u00f3cio para convencer sua empresa a investir em uma solu\u00e7\u00e3o de Plataforma de Comunica\u00e7\u00f5es como um Servi\u00e7o<\/p>\n<p>[\/et_pb_blurb][\/et_pb_column][et_pb_column type=&#8221;1_3&#8243; _builder_version=&#8221;4.16&#8243; global_colors_info=&#8221;{}&#8221;][et_pb_blurb title=&#8221;Alcan\u00e7ando os 47% sem Atendimento&#8221; url=&#8221;https:\/\/www.sopranodesign.com\/pt-br\/resource\/alcancando-os-47-sem-atendimento\/&#8221; image=&#8221;https:\/\/www.sopranodesign.com\/wp-content\/uploads\/2021\/11\/whitepaper-soprano-alcancando-os-47-sem-atendimiento.jpg&#8221; alt=&#8221;whitepaper soprano alcancando os 47 sem atendimiento&#8221; content_max_width=&#8221;350px&#8221; module_class=&#8221;whitepaper-item&#8221; _builder_version=&#8221;4.19.0&#8243; custom_padding=&#8221;50px|50px|50px|50px&#8221; link_option_url=&#8221;https:\/\/www.sopranodesign.com\/pt-br\/resource\/alcancando-os-47-sem-atendimento\/&#8221; global_colors_info=&#8221;{}&#8221;]<\/p>\n<p>Mesmo com as quarentenas pand\u00eamicas, apenas 53% dos clientes banc\u00e1rios adotaram totalmente os aplicativos de mobile banking, onde os CDOs (Chief Digital Officers) est\u00e3o concentrando seus or\u00e7amentos e esfor\u00e7os. Como voc\u00ea interage com os outros 47%?<\/p>\n<p>[\/et_pb_blurb][\/et_pb_column][\/et_pb_row][et_pb_row column_structure=&#8221;1_3,1_3,1_3&#8243; _builder_version=&#8221;4.16&#8243; global_colors_info=&#8221;{}&#8221;][et_pb_column type=&#8221;1_3&#8243; _builder_version=&#8221;4.16&#8243; global_colors_info=&#8221;{}&#8221;][et_pb_blurb title=&#8221;Uso da comunica\u00e7\u00e3o m\u00f3vel para melhorar a implementa\u00e7\u00e3o de vacinas contra a COVID-19&#8243; url=&#8221;https:\/\/www.sopranodesign.com\/pt-br\/resource\/uso-da-comunicacao-movel-para-melhorar-a-implementacao-de-vacinas-contra-a-covid-19\/&#8221; image=&#8221;https:\/\/www.sopranodesign.com\/wp-content\/uploads\/2021\/02\/comunicacao-movil-implementacao-vacinas-covid-19.jpg&#8221; alt=&#8221;Uso da comunica\u00e7\u00e3o m\u00f3vel para melhorar a implementa\u00e7\u00e3o de vacinas contra a COVID-19&#8243; content_max_width=&#8221;350px&#8221; module_class=&#8221;whitepaper-item&#8221; _builder_version=&#8221;4.16&#8243; custom_padding=&#8221;50px|50px|50px|50px&#8221; link_option_url=&#8221;https:\/\/www.sopranodesign.com\/pt-br\/resource\/uso-da-comunicacao-movel-para-melhorar-a-implementacao-de-vacinas-contra-a-covid-19\/&#8221; global_colors_info=&#8221;{}&#8221;]<\/p>\n<p>Por que uma CPaaS (Plataforma de Comunica\u00e7\u00e3o como Servi\u00e7o) \u00e9 um componente cr\u00edtico de todo programa de vacina\u00e7\u00e3o<\/p>\n<p>[\/et_pb_blurb][\/et_pb_column][et_pb_column type=&#8221;1_3&#8243; _builder_version=&#8221;4.16&#8243; global_colors_info=&#8221;{}&#8221;][et_pb_blurb title=&#8221;Um Manual De Sa\u00fade Para Projetar Melhores Experi\u00eancias Para Os Pacientes&#8221; url=&#8221;https:\/\/www.sopranodesign.com\/pt-br\/resource\/um-manual-de-saude-para-projetar-melhores-experiencias-para-os-pacientes\/&#8221; image=&#8221;https:\/\/www.sopranodesign.com\/wp-content\/uploads\/2022\/10\/Playbook_Healthcare-Patient-Experiences-POR.jpg&#8221; alt=&#8221;playbook healthcare patient experiences por&#8221; content_max_width=&#8221;350px&#8221; module_class=&#8221;whitepaper-item&#8221; _builder_version=&#8221;4.18.0&#8243; custom_padding=&#8221;50px|50px|50px|50px&#8221; link_option_url=&#8221;https:\/\/www.sopranodesign.com\/pt-br\/resource\/um-manual-de-saude-para-projetar-melhores-experiencias-para-os-pacientes\/&#8221; global_colors_info=&#8221;{}&#8221;]<\/p>\n<p>Baixe o Playbook para descobrir os principais desafios de comunica\u00e7\u00e3o enfrentados pelos profissionais de sa\u00fade e como resolv\u00ea-los.<\/p>\n<p>[\/et_pb_blurb][\/et_pb_column][et_pb_column type=&#8221;1_3&#8243; _builder_version=&#8221;4.16&#8243; global_colors_info=&#8221;{}&#8221;][\/et_pb_column][\/et_pb_row][\/et_pb_section][et_pb_section fb_built=&#8221;1&#8243; custom_padding_last_edited=&#8221;on|desktop&#8221; admin_label=&#8221;Call to action&#8221; module_class=&#8221;gradient-dark-alt cta-footer footer-general&#8221; _builder_version=&#8221;4.16&#8243; background_color=&#8221;#f9f9f9&#8243; background_color_gradient_direction=&#8221;130deg&#8221; parallax=&#8221;on&#8221; custom_padding=&#8221;10vw||7vw||false|false&#8221; custom_padding_tablet=&#8221;100px||100px||true&#8221; custom_padding_phone=&#8221;||||true&#8221; top_divider_style=&#8221;wave2&#8243; top_divider_color=&#8221;#FFFFFF&#8221; top_divider_height=&#8221;67px&#8221; top_divider_flip=&#8221;horizontal|vertical&#8221; top_divider_height_tablet=&#8221;150px&#8221; top_divider_height_phone=&#8221;110px&#8221; top_divider_height_last_edited=&#8221;on|phone&#8221; saved_tabs=&#8221;all&#8221; global_colors_info=&#8221;{}&#8221;][et_pb_row use_custom_gutter=&#8221;on&#8221; gutter_width=&#8221;2&#8243; make_equal=&#8221;on&#8221; module_class=&#8221; et_pb_row_fullwidth&#8221; _builder_version=&#8221;4.16&#8243; module_alignment=&#8221;center&#8221; custom_padding=&#8221;12px|||||&#8221; make_fullwidth=&#8221;on&#8221; global_colors_info=&#8221;{}&#8221;][et_pb_column type=&#8221;4_4&#8243; _builder_version=&#8221;4.16&#8243; custom_padding=&#8221;|||&#8221; global_colors_info=&#8221;{}&#8221; custom_padding__hover=&#8221;|||&#8221;][et_pb_text _builder_version=&#8221;4.16&#8243; text_font=&#8221;||||||||&#8221; header_font=&#8221;||||||||&#8221; header_2_font=&#8221;||||||||&#8221; header_3_font=&#8221;||||||||&#8221; header_3_text_align=&#8221;center&#8221; header_3_text_color=&#8221;#ffffff&#8221; text_orientation=&#8221;center&#8221; background_layout=&#8221;dark&#8221; max_width=&#8221;850px&#8221; module_alignment=&#8221;center&#8221; custom_margin=&#8221;|||&#8221; custom_padding=&#8221;|||&#8221; text_font_size_last_edited=&#8221;off|desktop&#8221; header_2_font_size_tablet=&#8221;40px&#8221; header_2_font_size_phone=&#8221;32px&#8221; header_2_font_size_last_edited=&#8221;on|desktop&#8221; header_3_font_size_tablet=&#8221;16px&#8221; header_3_font_size_phone=&#8221;14px&#8221; header_3_font_size_last_edited=&#8221;on|phone&#8221; global_colors_info=&#8221;{}&#8221;]<\/p>\n<p>Crie Mensagens Interativas nos Canais Certos<\/p>\n<h2>Estou pronto para organizar as minhas mensagens<\/h2>\n<p>[\/et_pb_text][et_pb_button button_url=&#8221;https:\/\/www.sopranodesign.com\/contact\/&#8221; button_text=&#8221;Vamos conversar&#8221; button_alignment=&#8221;center&#8221; module_class=&#8221;btn-secondary&#8221; _builder_version=&#8221;4.16&#8243; custom_button=&#8221;on&#8221; button_text_size=&#8221;16px&#8221; button_text_color=&#8221;#FFFFFF&#8221; button_border_width=&#8221;0px&#8221; button_font=&#8221;||||||||&#8221; button_letter_spacing_hover=&#8221;5.5px&#8221; global_colors_info=&#8221;{}&#8221; button_one_text_size__hover_enabled=&#8221;off&#8221; button_two_text_size__hover_enabled=&#8221;off&#8221; button_one_text_color__hover_enabled=&#8221;off&#8221; button_two_text_color__hover_enabled=&#8221;off&#8221; button_one_border_width__hover_enabled=&#8221;off&#8221; button_two_border_width__hover_enabled=&#8221;off&#8221; button_one_border_color__hover_enabled=&#8221;off&#8221; button_two_border_color__hover_enabled=&#8221;off&#8221; button_one_border_radius__hover_enabled=&#8221;off&#8221; button_two_border_radius__hover_enabled=&#8221;off&#8221; button_one_letter_spacing__hover_enabled=&#8221;off&#8221; button_two_letter_spacing__hover_enabled=&#8221;off&#8221; button_one_bg_color__hover_enabled=&#8221;off&#8221; button_two_bg_color__hover_enabled=&#8221;off&#8221;][\/et_pb_button][\/et_pb_column][\/et_pb_row][\/et_pb_section]<\/p>\n","protected":false},"excerpt":{"rendered":"<p>White Papers&#8230;<\/p>\n","protected":false},"author":57,"featured_media":0,"parent":0,"menu_order":0,"comment_status":"closed","ping_status":"closed","template":"","meta":{"_acf_changed":false,"_seopress_robots_primary_cat":"","_seopress_titles_title":"Artigos Informativos | Projeto Soprano","_seopress_titles_desc":"Aprofunde o seu conhecimento com os white papers da Soprano Design. Descubra insights \u00fanicos para uma comunica\u00e7\u00e3o eficiente. Saia j\u00e1!","_seopress_robots_index":"","_et_pb_use_builder":"on","_et_pb_old_content":"","_et_gb_content_width":"","content-type":"","inline_featured_image":false,"footnotes":""},"class_list":["post-347768","page","type-page","status-publish"],"acf":[],"featured_image_src":null,"featured_image_src_square":null,"_links":{"self":[{"href":"https:\/\/www.sopranodesign.com\/pt-br\/wp-json\/wp\/v2\/pages\/347768","targetHints":{"allow":["GET"]}}],"collection":[{"href":"https:\/\/www.sopranodesign.com\/pt-br\/wp-json\/wp\/v2\/pages"}],"about":[{"href":"https:\/\/www.sopranodesign.com\/pt-br\/wp-json\/wp\/v2\/types\/page"}],"author":[{"embeddable":true,"href":"https:\/\/www.sopranodesign.com\/pt-br\/wp-json\/wp\/v2\/users\/57"}],"replies":[{"embeddable":true,"href":"https:\/\/www.sopranodesign.com\/pt-br\/wp-json\/wp\/v2\/comments?post=347768"}],"version-history":[{"count":0,"href":"https:\/\/www.sopranodesign.com\/pt-br\/wp-json\/wp\/v2\/pages\/347768\/revisions"}],"wp:attachment":[{"href":"https:\/\/www.sopranodesign.com\/pt-br\/wp-json\/wp\/v2\/media?parent=347768"}],"curies":[{"name":"wp","href":"https:\/\/api.w.org\/{rel}","templated":true}]}}