{"id":450504,"date":"2022-04-19T11:32:21","date_gmt":"2022-04-19T11:32:21","guid":{"rendered":"https:\/\/heavenly-structure.flywheelsites.com\/leia-mais\/"},"modified":"2025-10-21T12:28:57","modified_gmt":"2025-10-21T02:28:57","slug":"leia-mais","status":"publish","type":"page","link":"https:\/\/www.sopranodesign.com\/pt-br\/learn\/","title":{"rendered":"Leia mais"},"content":{"rendered":"<p>[et_pb_section fb_built=&#8221;1&#8243; custom_padding_last_edited=&#8221;on|phone&#8221; admin_label=&#8221;Header&#8221; module_class=&#8221;gradient-dark-alt&#8221; _builder_version=&#8221;4.16&#8243; background_color_gradient_direction=&#8221;130deg&#8221; parallax=&#8221;on&#8221; custom_padding=&#8221;3vw||1vw||false|false&#8221; custom_padding_tablet=&#8221;3vw||4vw||false&#8221; custom_padding_phone=&#8221;2vw||7vw||false&#8221; bottom_divider_style=&#8221;wave2&#8243; bottom_divider_color=&#8221;#FFFFFF&#8221; bottom_divider_height=&#8221;50px&#8221; bottom_divider_height_tablet=&#8221;50px&#8221; bottom_divider_height_phone=&#8221;50px&#8221; bottom_divider_height_last_edited=&#8221;on|desktop&#8221; saved_tabs=&#8221;all&#8221; global_colors_info=&#8221;{}&#8221;][et_pb_row _builder_version=&#8221;4.16&#8243; custom_padding=&#8221;30px||44px||false|false&#8221; global_colors_info=&#8221;{}&#8221;][et_pb_column type=&#8221;4_4&#8243; _builder_version=&#8221;4.16&#8243; custom_padding=&#8221;|||&#8221; global_colors_info=&#8221;{}&#8221; custom_padding__hover=&#8221;|||&#8221;][et_pb_text module_class=&#8221;topHeader&#8221; _builder_version=&#8221;4.16&#8243; text_line_height=&#8221;1.8em&#8221; header_line_height=&#8221;1.2em&#8221; header_3_text_color=&#8221;#ffffff&#8221; header_3_letter_spacing=&#8221;10px&#8221; header_3_line_height=&#8221;2em&#8221; background_layout=&#8221;dark&#8221; module_alignment=&#8221;center&#8221; text_font_size_tablet=&#8221;19px&#8221; text_font_size_phone=&#8221;15px&#8221; text_font_size_last_edited=&#8221;on|desktop&#8221; header_font_size_tablet=&#8221;44px&#8221; header_font_size_phone=&#8221;37px&#8221; header_font_size_last_edited=&#8221;off|desktop&#8221; header_3_font_size_tablet=&#8221;14px&#8221; header_3_font_size_phone=&#8221;12px&#8221; header_3_font_size_last_edited=&#8221;off|desktop&#8221; header_3_letter_spacing_tablet=&#8221;5px&#8221; header_3_letter_spacing_phone=&#8221;&#8221; header_3_letter_spacing_last_edited=&#8221;on|tablet&#8221; global_colors_info=&#8221;{}&#8221;]<\/p>\n<h1>Aprenda com Soprano<\/h1>\n<p>Especialistas em tecnologia, comunica\u00e7\u00e3o e marketing compartilham seus conhecimentos<\/p>\n<p>[\/et_pb_text][\/et_pb_column][\/et_pb_row][\/et_pb_section][et_pb_section fb_built=&#8221;1&#8243; custom_padding_last_edited=&#8221;on|desktop&#8221; admin_label=&#8221; Market Research&#8221; _builder_version=&#8221;4.16&#8243; background_color=&#8221;#FFFFFF&#8221; custom_margin=&#8221;|||||true&#8221; custom_margin_tablet=&#8221;&#8221; custom_margin_phone=&#8221;&#8221; custom_margin_last_edited=&#8221;on|phone&#8221; custom_padding=&#8221;4vw||6vw||false|false&#8221; custom_padding_tablet=&#8221;&#8221; custom_padding_phone=&#8221;||||true|false&#8221; top_divider_color=&#8221;#f9f9f9&#8243; top_divider_height=&#8221;500px&#8221; bottom_divider_style=&#8221;clouds&#8221; bottom_divider_color=&#8221;#fafafa&#8221; bottom_divider_height=&#8221;200px&#8221; saved_tabs=&#8221;all&#8221; global_colors_info=&#8221;{}&#8221;][et_pb_row column_structure=&#8221;1_3,1_3,1_3&#8243; make_equal=&#8221;on&#8221; _builder_version=&#8221;4.16&#8243; width=&#8221;90%&#8221; max_width=&#8221;90%&#8221; custom_margin=&#8221;||&#8221; custom_padding=&#8221;0||0||false|true&#8221; use_custom_width=&#8221;on&#8221; width_unit=&#8221;off&#8221; custom_width_percent=&#8221;90%&#8221; global_colors_info=&#8221;{}&#8221;][et_pb_column type=&#8221;1_3&#8243; module_class=&#8221;soprano-box&#8221; _builder_version=&#8221;4.16&#8243; custom_padding=&#8221;|||&#8221; border_radii=&#8221;on|10px|10px|10px|10px&#8221; global_colors_info=&#8221;{}&#8221; custom_padding__hover=&#8221;|||&#8221;][et_pb_blurb title=&#8221;CPaaS&#8221; url=&#8221;https:\/\/www.sopranodesign.com\/pt-br\/cpaas\/&#8221; image=&#8221;https:\/\/www.sopranodesign.com\/wp-content\/uploads\/2019\/11\/Icon_Workflow-Automation.png&#8221; alt=&#8221;Icon Workflow Automation&#8221; image_icon_width=&#8221;70px&#8221; content_max_width=&#8221;1100px&#8221; image_icon_width_tablet=&#8221;70px&#8221; image_icon_width_phone=&#8221;70px&#8221; image_icon_width_last_edited=&#8221;on|phone&#8221; module_class=&#8221;feature&#8221; _builder_version=&#8221;4.27.4&#8243; header_level=&#8221;h3&#8243; header_font=&#8221;||||||||&#8221; body_font=&#8221;||||||||&#8221; background_enable_color=&#8221;off&#8221; text_orientation=&#8221;center&#8221; module_alignment=&#8221;left&#8221; custom_margin=&#8221;|||&#8221; custom_padding=&#8221;30px|20px|30px|20px|false|true&#8221; custom_padding_last_edited=&#8221;off|desktop&#8221; animation=&#8221;off&#8221; link_option_url=&#8221;https:\/\/www.sopranodesign.com\/pt-br\/cpaas\/&#8221; hover_enabled=&#8221;0&#8243; header_font_size_phone=&#8221;18px&#8221; header_font_size_last_edited=&#8221;off|phone&#8221; body_font_size_phone=&#8221;14px&#8221; body_font_size_last_edited=&#8221;off|phone&#8221; border_radii=&#8221;|10px|10px|10px|10px&#8221; image_max_width=&#8221;70px&#8221; icon_font_size_tablet=&#8221;&#8221; icon_font_size_phone=&#8221;32px&#8221; icon_font_size_last_edited=&#8221;on|phone&#8221; global_colors_info=&#8221;{}&#8221; sticky_enabled=&#8221;0&#8243;]<\/p>\n<p>Conhe\u00e7a os principais elementos, conceitos e principais capacidades de uma Plataforma de Comunica\u00e7\u00e3o como Servi\u00e7o (CPaaS) e saiba como acelerar a transforma\u00e7\u00e3o digital da sua empresa.<\/p>\n<p>[\/et_pb_blurb][\/et_pb_column][et_pb_column type=&#8221;1_3&#8243; module_class=&#8221;soprano-box&#8221; _builder_version=&#8221;4.16&#8243; custom_padding=&#8221;|||&#8221; global_colors_info=&#8221;{}&#8221; custom_padding__hover=&#8221;|||&#8221;][et_pb_blurb title=&#8221;Mensagens m\u00f3veis&#8221; url=&#8221;https:\/\/www.sopranodesign.com\/pt-br\/learn\/mobile-messaging\/&#8221; image=&#8221;https:\/\/www.sopranodesign.com\/wp-content\/uploads\/2019\/11\/2.-Icon_Branding-Personalisation.png&#8221; alt=&#8221;Icon Workflow Automation&#8221; image_icon_width=&#8221;70px&#8221; content_max_width=&#8221;1100px&#8221; image_icon_width_tablet=&#8221;70px&#8221; image_icon_width_phone=&#8221;70px&#8221; image_icon_width_last_edited=&#8221;on|phone&#8221; module_class=&#8221;feature&#8221; _builder_version=&#8221;4.17.0&#8243; header_level=&#8221;h3&#8243; header_font=&#8221;||||||||&#8221; body_font=&#8221;||||||||&#8221; background_enable_color=&#8221;off&#8221; text_orientation=&#8221;center&#8221; module_alignment=&#8221;left&#8221; custom_margin=&#8221;|||&#8221; custom_padding=&#8221;30px|20px|30px|20px|false|true&#8221; custom_padding_last_edited=&#8221;off|desktop&#8221; animation=&#8221;off&#8221; link_option_url=&#8221;https:\/\/www.sopranodesign.com\/learn\/mobile-messaging\/&#8221; header_font_size_phone=&#8221;18px&#8221; header_font_size_last_edited=&#8221;off|phone&#8221; body_font_size_phone=&#8221;14px&#8221; body_font_size_last_edited=&#8221;off|phone&#8221; border_radii=&#8221;|10px|10px|10px|10px&#8221; image_max_width=&#8221;70px&#8221; icon_font_size_tablet=&#8221;&#8221; icon_font_size_phone=&#8221;32px&#8221; icon_font_size_last_edited=&#8221;on|phone&#8221; global_colors_info=&#8221;{}&#8221;]<\/p>\n<p>Explore os principais canais de mensagens m\u00f3veis, como SMS, e-mail, WhatsApp e voz, e saiba como voc\u00ea pode us\u00e1-los juntos para envolver seus clientes, funcion\u00e1rios e cidad\u00e3os.<\/p>\n<p>[\/et_pb_blurb][\/et_pb_column][et_pb_column type=&#8221;1_3&#8243; module_class=&#8221;soprano-box&#8221; _builder_version=&#8221;4.16&#8243; custom_padding=&#8221;|||&#8221; global_colors_info=&#8221;{}&#8221; custom_padding__hover=&#8221;|||&#8221;][et_pb_blurb title=&#8221;Solu\u00e7\u00f5es para empresas&#8221; url=&#8221;https:\/\/www.sopranodesign.com\/pt-br\/learn\/enterprise-solutions\/&#8221; image=&#8221;https:\/\/www.sopranodesign.com\/wp-content\/uploads\/2020\/03\/Icon_Communication-Orchestration.png&#8221; alt=&#8221;Icon Workflow Automation&#8221; image_icon_width=&#8221;70px&#8221; content_max_width=&#8221;1100px&#8221; image_icon_width_tablet=&#8221;70px&#8221; image_icon_width_phone=&#8221;70px&#8221; image_icon_width_last_edited=&#8221;on|phone&#8221; module_class=&#8221;feature&#8221; _builder_version=&#8221;4.17.0&#8243; header_level=&#8221;h3&#8243; header_font=&#8221;||||||||&#8221; body_font=&#8221;||||||||&#8221; background_enable_color=&#8221;off&#8221; text_orientation=&#8221;center&#8221; module_alignment=&#8221;left&#8221; custom_margin=&#8221;|||&#8221; custom_padding=&#8221;30px|20px|30px|20px|false|true&#8221; custom_padding_last_edited=&#8221;off|desktop&#8221; animation=&#8221;off&#8221; link_option_url=&#8221;https:\/\/www.sopranodesign.com\/learn\/enterprise-solutions\/&#8221; header_font_size_phone=&#8221;18px&#8221; header_font_size_last_edited=&#8221;off|phone&#8221; body_font_size_phone=&#8221;14px&#8221; body_font_size_last_edited=&#8221;off|phone&#8221; border_radii=&#8221;|10px|10px|10px|10px&#8221; image_max_width=&#8221;70px&#8221; icon_font_size_tablet=&#8221;&#8221; icon_font_size_phone=&#8221;32px&#8221; icon_font_size_last_edited=&#8221;on|phone&#8221; global_colors_info=&#8221;{}&#8221;]<\/p>\n<p>Saiba mais sobre as solu\u00e7\u00f5es de comunica\u00e7\u00e3o espec\u00edficas do setor e como lev\u00e1-las adiante.<\/p>\n<p>[\/et_pb_blurb][\/et_pb_column][\/et_pb_row][\/et_pb_section]<\/p>\n","protected":false},"excerpt":{"rendered":"<p>Aprenda com Soprano&#8230;<\/p>\n","protected":false},"author":57,"featured_media":0,"parent":0,"menu_order":0,"comment_status":"closed","ping_status":"closed","template":"","meta":{"_acf_changed":false,"_seopress_robots_primary_cat":"","_seopress_titles_title":"Saiba mais sobre o CPaaS e as solu\u00e7\u00f5es de mensagens seguras","_seopress_titles_desc":"Alargue o seu conhecimento sobre CPaaS e mensagens seguras. Mergulhe nos recursos para dominar a tecnologia de comunica\u00e7\u00e3o e melhorar a efici\u00eancia do neg\u00f3cio.","_seopress_robots_index":"","_et_pb_use_builder":"on","_et_pb_old_content":"","_et_gb_content_width":"","content-type":"","inline_featured_image":false,"footnotes":""},"class_list":["post-450504","page","type-page","status-publish"],"acf":[],"featured_image_src":null,"featured_image_src_square":null,"_links":{"self":[{"href":"https:\/\/www.sopranodesign.com\/pt-br\/wp-json\/wp\/v2\/pages\/450504","targetHints":{"allow":["GET"]}}],"collection":[{"href":"https:\/\/www.sopranodesign.com\/pt-br\/wp-json\/wp\/v2\/pages"}],"about":[{"href":"https:\/\/www.sopranodesign.com\/pt-br\/wp-json\/wp\/v2\/types\/page"}],"author":[{"embeddable":true,"href":"https:\/\/www.sopranodesign.com\/pt-br\/wp-json\/wp\/v2\/users\/57"}],"replies":[{"embeddable":true,"href":"https:\/\/www.sopranodesign.com\/pt-br\/wp-json\/wp\/v2\/comments?post=450504"}],"version-history":[{"count":0,"href":"https:\/\/www.sopranodesign.com\/pt-br\/wp-json\/wp\/v2\/pages\/450504\/revisions"}],"wp:attachment":[{"href":"https:\/\/www.sopranodesign.com\/pt-br\/wp-json\/wp\/v2\/media?parent=450504"}],"curies":[{"name":"wp","href":"https:\/\/api.w.org\/{rel}","templated":true}]}}